{"id":1162,"date":"2018-06-21T17:22:05","date_gmt":"2018-06-21T17:22:05","guid":{"rendered":"https:\/\/tv.joycemeyer.org\/espanol\/?page_id=1162"},"modified":"2018-06-21T17:22:30","modified_gmt":"2018-06-21T17:22:30","slug":"politica-de-privacidad","status":"publish","type":"page","link":"https:\/\/tv.joycemeyer.org\/espanol\/politica-de-privacidad\/","title":{"rendered":"Pol\u00edtica de Privacidad"},"content":{"rendered":"<p>\u00daltima actualizaci\u00f3n 17 de mayo del 2018<\/p>\n<p><em>Ministerios Joyce Meyer, Inc.<\/em> (\u00abJMM\u00bb, \u00abnosotros\u00bb) es una organizaci\u00f3n cristiana sin fines de lucro comprometida con la excelencia, la integridad y su privacidad. Esta Pol\u00edtica se proporciona para informarle sobre las maneras en que JMM recopila, usa, almacena, transfiere y divulga su informaci\u00f3n personal. Al usted proporcionar su informaci\u00f3n, acepta que su informaci\u00f3n personal se procese de acuerdo con esta Pol\u00edtica de Privacidad, as\u00ed como sea modificada de vez en cuando (como se indica en la fecha de la parte de arriba).<\/p>\n<p><strong>INFORMACI\u00d3N RECOPILADA Y SU USO<\/strong><\/p>\n<p>JMM recopila cierta informaci\u00f3n an\u00f3nima que no puede ser rastreada a un individuo espec\u00edfico. (cuando esa persona no ha iniciado sesi\u00f3n con una cuenta). Por ejemplo, nuestros servidores web registran autom\u00e1ticamente la direcci\u00f3n IP (la ubicaci\u00f3n general donde el usuario est\u00e1 conectado) de cada visitante de nuestro sitio web joycemeyer.org, y registra cu\u00e1ntas personas visitan el sitio web. Esta informaci\u00f3n an\u00f3nima se utiliza para administrar y especializar el sitio web de manera m\u00e1s efectiva y obtener informaci\u00f3n general sobre la procedencia y el origen de los visitantes.<\/p>\n<p>JMM tambi\u00e9n puede pedirle que le proporcione informaci\u00f3n personal que lo identifique. Requerimos esta informaci\u00f3n cuando usted crea una cuenta, nos env\u00ede una consulta, se convierta en colaborador permanente, haga una compra o donaci\u00f3n, o participe con nosotros con fines promocionales. Dicha informaci\u00f3n podr\u00eda incluir su nombre, direcci\u00f3n postal, n\u00famero de tel\u00e9fono, direcci\u00f3n de correo electr\u00f3nico, fecha de nacimiento, estado civil, otra informaci\u00f3n demogr\u00e1fica o informaci\u00f3n de la tarjeta de cr\u00e9dito. JMM limita la informaci\u00f3n personal que recopila lo cual es razonable bajo las circunstancias, y solo recopilamos su informaci\u00f3n personal con su consentimiento.<\/p>\n<p>Usamos su informaci\u00f3n personal para los fines que declaramos o dimos a entender cuando se recopila, y de otra manera podemos usar su informaci\u00f3n personal cuando lo permita la ley, por ejemplo: para responder a una emergencia, o en el curso de una investigaci\u00f3n sobre un comportamiento ilegal.<\/p>\n<p><strong>COOKIES Y TECNOLOG\u00cdAS SIMILARES<\/strong><\/p>\n<p>Las cookies son peque\u00f1as piezas de texto utilizadas para almacenar informaci\u00f3n en dispositivos que visitan sitios web. Otras tecnolog\u00edas, incluidos los datos que almacenamos en su navegador o dispositivo web, identificadores asociados con su dispositivo, tecnolog\u00eda de p\u00edxeles (por ejemplo, p\u00edxeles de Facebook) y otro software (Google Analytics y Google AdWords), se utilizan para fines similares. En esta pol\u00edtica, nos referimos a todas estas tecnolog\u00edas como \u00abcookies\u00bb.<\/p>\n<p><em>Ministerios Joyce Meyer<\/em> usa las cookies de varias maneras a continuaci\u00f3n:<\/p>\n<ul>\n<li>Autenticar e identificarle en nuestros sitios web para que podamos proporcionarle los servicios que solicit\u00f3, incluidos los servicios de localizaci\u00f3n.<\/li>\n<li>Mantener un registro de la informaci\u00f3n que nos ha proporcionado. Por ejemplo, sus favoritos, carrito de compras, listas de deseados, etc.<\/li>\n<li>Medir su uso de los sitios web para que podamos adaptar su experiencia a sus intereses y mejorar nuestro servicio en el sitio web, aplicaciones o plataformas de redes sociales.<\/li>\n<li>Para ayudarnos a mantener su cuenta, datos y el sitio web seguros y protegidos.<\/li>\n<\/ul>\n<p>Algunos navegadores tienen funciones de \u00abno rastrear\u00bb que le permiten decirle a un sitio web que no lo rastree. Estas funciones no son uniformes. Tenga en cuenta que, si deshabilita las cookies, es posible que ciertas funciones de nuestros sitios no funcionen. Si bloquea o rechaza las cookies, no se detendr\u00e1 todo el seguimiento aqu\u00ed descrito.<\/p>\n<p><strong>ANTI-SPAM<\/strong><\/p>\n<p>Queremos comunicarnos con usted solo si desea saber de nosotros. Tratamos de mantener los correos electr\u00f3nicos y otras comunicaciones digitales que enviamos a lo m\u00ednimo y le damos a usted la posibilidad de optar por cualquier comunicaci\u00f3n de mercadeo que le enviemos.<\/p>\n<p>Le enviaremos correos electr\u00f3nicos relacionados con sus transacciones en joycemeyer.org. Tambi\u00e9n puede optar por recibir ciertas comunicaciones por correo electr\u00f3nico del ministerio y de mercadeo, de acuerdo con sus preferencias, de las cuales puede darse de baja en cualquier momento en el \u00faltimo correo electr\u00f3nico que reciba.<\/p>\n<p>Tambi\u00e9n puede actualizar sus preferencias de suscripci\u00f3n haciendo clic en el enlace al final de cualquier correo electr\u00f3nico que reciba del Ministerio.<\/p>\n<p>Incluso si ha optado por no recibir nuestros correos promocionales, tenga en cuenta que a\u00fan podemos contactarlo para otros fines. Por ejemplo, podemos ponernos en contacto con usted para proveerle correos en los que usted ha dado su consentimiento de recibir, con respecto a los productos que ha solicitado o los servicios que le proporcionamos, o si se pone en contacto con nosotros para realizar una consulta.<\/p>\n<p><strong>COMPARTIR Y DIVULGAR INFORMACI\u00d3N<\/strong><\/p>\n<p>JMM no arrendar\u00e1, vender\u00e1, alquilar\u00e1 o compartir\u00e1 informaci\u00f3n personal con otras organizaciones, excepto en respuesta a citaciones, \u00f3rdenes judiciales, procesos legales, o para establecer y \/ o ejercer derechos legales.<\/p>\n<p><strong>CONTROLADOR DE DATOS<\/strong><\/p>\n<p>JMM es la entidad legal que determina los prop\u00f3sitos y los medios del procesamiento de Datos Personales. Como controlador de datos, JMM toma todas las medidas razonables para proteger la seguridad y confidencialidad de su informaci\u00f3n personal. Protegemos la informaci\u00f3n personal dentro de nuestra custodia o control con la apropiada log\u00edstica, protecci\u00f3n tecnol\u00f3gicas y f\u00edsicas.<\/p>\n<p><strong>PROCESADOR DE DATOS<\/strong><\/p>\n<p>JMM es un Controlador de Datos y un Procesador de Datos. Sin embargo, hay momentos en que JMM utiliza proveedores de servicios a terceros confiables para ayudarnos a recopilar y procesar informaci\u00f3n. Estos procesadores a terceros pueden tener acceso a, almacenar o procesar datos personales o datos de clientes como parte de la prestaci\u00f3n de esos servicios. Limitamos la informaci\u00f3n proporcionada a estos proveedores de servicios, lo que es razonablemente necesario para que puedan llevar a cabo sus funciones, y nuestros contratos con ellos requieren que mantengan la confidencialidad de dicha informaci\u00f3n y cumplan con nuestros est\u00e1ndares de privacidad. Algunos de estos terceros pueden estar ubicados fuera del pa\u00eds donde usted reside y, como resultado, los tribunales, gobiernos o agencias encargadas de hacer cumplir la ley de ese pa\u00eds podr\u00edan obtener la divulgaci\u00f3n de su informaci\u00f3n de acuerdo con las leyes de ese pa\u00eds.<\/p>\n<p><strong>PROTECCI\u00d3N Y RETENCI\u00d3N<\/strong><\/p>\n<p>JMM toma todas las medidas razonables para proteger la seguridad y confidencialidad de su informaci\u00f3n personal. Protegemos la informaci\u00f3n personal dentro de nuestra custodia o control con la apropiada log\u00edstica, y protecci\u00f3n tecnol\u00f3gica y f\u00edsicas.<\/p>\n<p>Almacenamos informaci\u00f3n personal en archivos f\u00edsicos y electr\u00f3nicos que son seguros, y nuestras medidas de seguridad incluyen almacenamiento seguro dentro y fuera del sitio, acceso restringido a registros y equipos de procesamiento de datos, protocolos de contrase\u00f1as y software de cifrado y seguridad. Llevamos a cabo auditor\u00edas y supervisamos el cumplimiento de nuestras pr\u00e1cticas de privacidad. Si vive fuera de los Estados Unidos, tenga en cuenta que est\u00e1 enviando informaci\u00f3n (incluidos datos personales) a los Estados Unidos donde se encuentran nuestros servidores. Lo protegeremos con los mismos protocolos enumerados anteriormente.<\/p>\n<p>Solo retenemos informaci\u00f3n personal durante el tiempo que sea necesario para el prop\u00f3sito al que fue recopilado. Los requisitos legales, sin embargo, pueden requerir que retengamos parte o la totalidad de la informaci\u00f3n personal que tenemos durante un per\u00edodo de tiempo m\u00e1s largo que el que podr\u00edamos tener.<\/p>\n<p><strong>COMPROMISO DE LA INFORMACI\u00d3N PERSONA<\/strong>L<\/p>\n<p>En caso de que la informaci\u00f3n personal se vea comprometida como una violaci\u00f3n de seguridad, JMM lo notificar\u00e1 de inmediato en cumplimiento de la ley aplicable.<\/p>\n<p><strong>USUARIOS EUROPEOS Y SUS DERECHOS<\/strong><\/p>\n<p><strong>ACCESO, CORRECCI\u00d3N, SUPRESI\u00d3N<\/strong><\/p>\n<p>Los usuarios que residen dentro de la UE tienen ciertos derechos con respecto a su informaci\u00f3n personal. Excepto cuando se aplica una excepci\u00f3n o exenci\u00f3n, estos derechos incluyen la capacidad de acceder, corregir y solicitar la eliminaci\u00f3n de su informaci\u00f3n personal. Respetamos sus derechos de privacidad y le proporcionamos acceso razonable a los Datos personales que nos hayan proporcionado. Si desea acceder o modificar los datos personales que tenemos sobre usted, o para solicitar que eliminemos cualquier informaci\u00f3n sobre usted, utilice el enlace a continuaci\u00f3n y cont\u00e1ctenos. Para cumplir con su solicitud, podemos solicitarle que verifique su identidad.<\/p>\n<p><a href=\"https:\/\/www.joycemeyer.org\/contact\">joycemeyer.org\/contact<\/a><\/p>\n<p>RESOLUCI\u00d3N DE DISPUTA<\/p>\n<p>Si reside en la UE y cree que su informaci\u00f3n personal se manej\u00f3 de forma incorrecta, puede enviar un correo electr\u00f3nico a nuestro Director de Protecci\u00f3n de Datos a <a href=\"mailto:dpo@joycemeyer.org\">dpo@joycemeyer.org<\/a> o comunicarse con nuestro Director de Protecci\u00f3n de Datos por correo postal a:<\/p>\n<p>Joyce Meyer Ministries<\/p>\n<p>Data Protection Officer<\/p>\n<p>United Kingdom Office<\/p>\n<p>P.O. Box 1549<\/p>\n<p>Windsor SL4 1GT, United Kingdom<\/p>\n<p>&nbsp;<\/p>\n<p><strong>AUTORIDAD DE PROTECCI\u00d3N DE DATOS<\/strong><\/p>\n<p>Sujeto a la ley aplicable, si usted es ciudadano o residente de la Uni\u00f3n Europea, tambi\u00e9n tiene derecho a (1) oponerse al uso de su informaci\u00f3n personal por parte de JMM y (2) presentar una queja ante su autoridad local de protecci\u00f3n de datos o la Oficina del Comisionado de Informaci\u00f3n del Reino Unido.<\/p>\n<p>United Kingdom Information Commissioner\u2019s Office<\/p>\n<p>Wycliffe House, Water Lane, Wilmslow, Cheshire<\/p>\n<p>SK9 5AF, United Kingdom<\/p>\n<p>Telephone: +0303 123 1113<\/p>\n<p>Fax: 01625 524510<\/p>\n<p>Web: <a href=\"https:\/\/ico.org.uk\/global\/contact-us\/\">ico.org.uk\/global\/contact-us<\/a><\/p>\n<p>&nbsp;<\/p>\n<p><strong>ENLACES DE TERCEROS<\/strong><\/p>\n<p>El sitio web puede contener enlaces a otros sitios web operados por terceros. Tenga en cuenta que esta Pol\u00edtica de privacidad se aplica \u00fanicamente a la informaci\u00f3n personal que recopilamos o recibimos de terceros con su consentimiento y no podemos ser responsables de la informaci\u00f3n personal que los terceros puedan recopilar, almacenar y usar, incluso a trav\u00e9s de sus sitios web. Usted siempre debe leer detenidamente la pol\u00edtica de privacidad de cada sitio web que visite.<\/p>\n<p>Adem\u00e1s, cuando nos proporciona informaci\u00f3n en un sitio web o plataforma de un tercero, la informaci\u00f3n tambi\u00e9n puede ser recopilada por el sitio web de un tercero y puede estar sujeta a su pol\u00edtica de privacidad.<\/p>\n<p><strong>POL\u00cdTICA DE MENORES DE EDAD<\/strong><\/p>\n<p>No recopilamos a intencionalmente informaci\u00f3n personal de ni\u00f1os. Los usuarios menores de 16 a\u00f1os deben solicitar permiso a los padres o tutores para utilizar este sitio web, solicitar informaci\u00f3n a JMM o comprar cualquier material en este sitio web.<\/p>\n<p>&nbsp;<\/p>\n<p><strong>CONTACTO JMM<\/strong><\/p>\n<p>JMM se esfuerza por mantener toda la informaci\u00f3n personal completa, actualizada y precisa. Usted o una persona autorizada por parte suya tiene derecho a solicitar cambios o correcciones a informaci\u00f3n inexacta o incompleta. Si tiene alguna pregunta, comun\u00edquese con nosotros a trav\u00e9s de una de las opciones que est\u00e1n a continuaci\u00f3n:<\/p>\n<p>Joyce Meyer Ministries<\/p>\n<p>P.O. Box 655<\/p>\n<p>Fenton, MO 63026<\/p>\n<p>1-800-727-9673 or (636) 349-0303<\/p>\n<p><a href=\"mailto:joycemeyerinfo@joycemeyer.org\">joycemeyerinfo@joycemeyer.org<\/a><\/p>\n","protected":false},"excerpt":{"rendered":"<p>\u00daltima actualizaci\u00f3n 17 de mayo del 2018 Ministerios Joyce Meyer, Inc. (\u00abJMM\u00bb, \u00abnosotros\u00bb) es una organizaci\u00f3n cristiana sin fines de lucro comprometida con la excelencia, la integridad y su privacidad. Esta Pol\u00edtica se proporciona para informarle sobre las maneras en que JMM recopila, usa, almacena, transfiere y divulga su informaci\u00f3n personal. Al usted proporcionar su&#8230;<\/p>\n","protected":false},"author":4,"featured_media":0,"parent":0,"menu_order":0,"comment_status":"closed","ping_status":"closed","template":"","meta":{"_acf_changed":false,"footnotes":""},"class_list":["post-1162","page","type-page","status-publish","hentry"],"acf":[],"yoast_head":"<!-- This site is optimized with the Yoast SEO plugin v27.4 - https:\/\/yoast.com\/product\/yoast-seo-wordpress\/ -->\n<title>Pol\u00edtica de Privacidad - Joyce Meyer Ministries - Espanol<\/title>\n<meta name=\"robots\" content=\"index, follow, max-snippet:-1, max-image-preview:large, max-video-preview:-1\" \/>\n<link rel=\"canonical\" href=\"https:\/\/tv.joycemeyer.org\/espanol\/politica-de-privacidad\/\" \/>\n<meta property=\"og:locale\" content=\"es_ES\" \/>\n<meta property=\"og:type\" content=\"article\" \/>\n<meta property=\"og:title\" content=\"Pol\u00edtica de Privacidad - Joyce Meyer Ministries - Espanol\" \/>\n<meta property=\"og:description\" content=\"\u00daltima actualizaci\u00f3n 17 de mayo del 2018 Ministerios Joyce Meyer, Inc. (\u00abJMM\u00bb, \u00abnosotros\u00bb) es una organizaci\u00f3n cristiana sin fines de lucro comprometida con la excelencia, la integridad y su privacidad. Esta Pol\u00edtica se proporciona para informarle sobre las maneras en que JMM recopila, usa, almacena, transfiere y divulga su informaci\u00f3n personal. Al usted proporcionar su...\" \/>\n<meta property=\"og:url\" content=\"https:\/\/tv.joycemeyer.org\/espanol\/politica-de-privacidad\/\" \/>\n<meta property=\"og:site_name\" content=\"Joyce Meyer Ministries - Espanol\" \/>\n<meta property=\"article:publisher\" content=\"https:\/\/www.facebook.com\/JoyceMeyerMinistriesEspanol\/\" \/>\n<meta property=\"article:modified_time\" content=\"2018-06-21T17:22:30+00:00\" \/>\n<meta name=\"twitter:card\" content=\"summary_large_image\" \/>\n<meta name=\"twitter:label1\" content=\"Tiempo de lectura\" \/>\n\t<meta name=\"twitter:data1\" content=\"9 minutos\" \/>\n<script type=\"application\/ld+json\" class=\"yoast-schema-graph\">{\"@context\":\"https:\\\/\\\/schema.org\",\"@graph\":[{\"@type\":\"WebPage\",\"@id\":\"https:\\\/\\\/tv.joycemeyer.org\\\/espanol\\\/politica-de-privacidad\\\/\",\"url\":\"https:\\\/\\\/tv.joycemeyer.org\\\/espanol\\\/politica-de-privacidad\\\/\",\"name\":\"Pol\u00edtica de Privacidad - Joyce Meyer Ministries - Espanol\",\"isPartOf\":{\"@id\":\"https:\\\/\\\/tv.joycemeyer.org\\\/espanol\\\/#website\"},\"datePublished\":\"2018-06-21T17:22:05+00:00\",\"dateModified\":\"2018-06-21T17:22:30+00:00\",\"breadcrumb\":{\"@id\":\"https:\\\/\\\/tv.joycemeyer.org\\\/espanol\\\/politica-de-privacidad\\\/#breadcrumb\"},\"inLanguage\":\"es\",\"potentialAction\":[{\"@type\":\"ReadAction\",\"target\":[\"https:\\\/\\\/tv.joycemeyer.org\\\/espanol\\\/politica-de-privacidad\\\/\"]}]},{\"@type\":\"BreadcrumbList\",\"@id\":\"https:\\\/\\\/tv.joycemeyer.org\\\/espanol\\\/politica-de-privacidad\\\/#breadcrumb\",\"itemListElement\":[{\"@type\":\"ListItem\",\"position\":1,\"name\":\"Home\",\"item\":\"https:\\\/\\\/tv.joycemeyer.org\\\/espanol\\\/\"},{\"@type\":\"ListItem\",\"position\":2,\"name\":\"Pol\u00edtica de Privacidad\"}]},{\"@type\":\"WebSite\",\"@id\":\"https:\\\/\\\/tv.joycemeyer.org\\\/espanol\\\/#website\",\"url\":\"https:\\\/\\\/tv.joycemeyer.org\\\/espanol\\\/\",\"name\":\"Joyce Meyer Ministries - Espanol\",\"description\":\"Disfrutando la Vida Diaria\",\"potentialAction\":[{\"@type\":\"SearchAction\",\"target\":{\"@type\":\"EntryPoint\",\"urlTemplate\":\"https:\\\/\\\/tv.joycemeyer.org\\\/espanol\\\/?s={search_term_string}\"},\"query-input\":{\"@type\":\"PropertyValueSpecification\",\"valueRequired\":true,\"valueName\":\"search_term_string\"}}],\"inLanguage\":\"es\"}]}<\/script>\n<!-- \/ Yoast SEO plugin. -->","yoast_head_json":{"title":"Pol\u00edtica de Privacidad - Joyce Meyer Ministries - Espanol","robots":{"index":"index","follow":"follow","max-snippet":"max-snippet:-1","max-image-preview":"max-image-preview:large","max-video-preview":"max-video-preview:-1"},"canonical":"https:\/\/tv.joycemeyer.org\/espanol\/politica-de-privacidad\/","og_locale":"es_ES","og_type":"article","og_title":"Pol\u00edtica de Privacidad - Joyce Meyer Ministries - Espanol","og_description":"\u00daltima actualizaci\u00f3n 17 de mayo del 2018 Ministerios Joyce Meyer, Inc. (\u00abJMM\u00bb, \u00abnosotros\u00bb) es una organizaci\u00f3n cristiana sin fines de lucro comprometida con la excelencia, la integridad y su privacidad. Esta Pol\u00edtica se proporciona para informarle sobre las maneras en que JMM recopila, usa, almacena, transfiere y divulga su informaci\u00f3n personal. Al usted proporcionar su...","og_url":"https:\/\/tv.joycemeyer.org\/espanol\/politica-de-privacidad\/","og_site_name":"Joyce Meyer Ministries - Espanol","article_publisher":"https:\/\/www.facebook.com\/JoyceMeyerMinistriesEspanol\/","article_modified_time":"2018-06-21T17:22:30+00:00","twitter_card":"summary_large_image","twitter_misc":{"Tiempo de lectura":"9 minutos"},"schema":{"@context":"https:\/\/schema.org","@graph":[{"@type":"WebPage","@id":"https:\/\/tv.joycemeyer.org\/espanol\/politica-de-privacidad\/","url":"https:\/\/tv.joycemeyer.org\/espanol\/politica-de-privacidad\/","name":"Pol\u00edtica de Privacidad - Joyce Meyer Ministries - Espanol","isPartOf":{"@id":"https:\/\/tv.joycemeyer.org\/espanol\/#website"},"datePublished":"2018-06-21T17:22:05+00:00","dateModified":"2018-06-21T17:22:30+00:00","breadcrumb":{"@id":"https:\/\/tv.joycemeyer.org\/espanol\/politica-de-privacidad\/#breadcrumb"},"inLanguage":"es","potentialAction":[{"@type":"ReadAction","target":["https:\/\/tv.joycemeyer.org\/espanol\/politica-de-privacidad\/"]}]},{"@type":"BreadcrumbList","@id":"https:\/\/tv.joycemeyer.org\/espanol\/politica-de-privacidad\/#breadcrumb","itemListElement":[{"@type":"ListItem","position":1,"name":"Home","item":"https:\/\/tv.joycemeyer.org\/espanol\/"},{"@type":"ListItem","position":2,"name":"Pol\u00edtica de Privacidad"}]},{"@type":"WebSite","@id":"https:\/\/tv.joycemeyer.org\/espanol\/#website","url":"https:\/\/tv.joycemeyer.org\/espanol\/","name":"Joyce Meyer Ministries - Espanol","description":"Disfrutando la Vida Diaria","potentialAction":[{"@type":"SearchAction","target":{"@type":"EntryPoint","urlTemplate":"https:\/\/tv.joycemeyer.org\/espanol\/?s={search_term_string}"},"query-input":{"@type":"PropertyValueSpecification","valueRequired":true,"valueName":"search_term_string"}}],"inLanguage":"es"}]}},"featured_image_urls":{},"appp_media":null,"_links":{"self":[{"href":"https:\/\/tv.joycemeyer.org\/espanol\/wp-json\/wp\/v2\/pages\/1162","targetHints":{"allow":["GET"]}}],"collection":[{"href":"https:\/\/tv.joycemeyer.org\/espanol\/wp-json\/wp\/v2\/pages"}],"about":[{"href":"https:\/\/tv.joycemeyer.org\/espanol\/wp-json\/wp\/v2\/types\/page"}],"author":[{"embeddable":true,"href":"https:\/\/tv.joycemeyer.org\/espanol\/wp-json\/wp\/v2\/users\/4"}],"replies":[{"embeddable":true,"href":"https:\/\/tv.joycemeyer.org\/espanol\/wp-json\/wp\/v2\/comments?post=1162"}],"version-history":[{"count":0,"href":"https:\/\/tv.joycemeyer.org\/espanol\/wp-json\/wp\/v2\/pages\/1162\/revisions"}],"wp:attachment":[{"href":"https:\/\/tv.joycemeyer.org\/espanol\/wp-json\/wp\/v2\/media?parent=1162"}],"curies":[{"name":"wp","href":"https:\/\/api.w.org\/{rel}","templated":true}]}}