{"id":3735,"date":"2021-12-02T16:49:49","date_gmt":"2021-12-02T16:49:49","guid":{"rendered":"https:\/\/tv.joycemeyer.org\/espanol\/?page_id=3735"},"modified":"2022-03-17T13:34:34","modified_gmt":"2022-03-17T13:34:34","slug":"la-aplicacion-en-espanol","status":"publish","type":"page","link":"https:\/\/tv.joycemeyer.org\/espanol\/la-aplicacion-en-espanol\/","title":{"rendered":"La Aplicaci\u00f3n de los Ministerios Joyce Meyer"},"content":{"rendered":"<p style=\"text-align: left\">Lleva Esperanza Donde Quiera que Vayas<\/p>\n<p style=\"text-align: left\">\u00a1Insp\u00edrate todos los d\u00edas con la aplicaci\u00f3n oficial de los Ministerios Joyce Meyer en el idioma espa\u00f1ol! Las caracter\u00edsticas de la aplicaci\u00f3n incluyen:<\/p>\n<ul>\n<li style=\"text-align: left\">Los programas Disfrutando La Vida Diaria de de Joyce, con opciones de solo audio y video.<\/li>\n<li style=\"text-align: left\">Devocionales diarios para edificarte y animarte<\/li>\n<li style=\"text-align: left\">Art\u00edculos de Joyce con conocimientos y perspectivas para la vida diaria<\/li>\n<li style=\"text-align: left\">Libros electr\u00f3nicos de Joyce Meyer, disponibles para descargar gratuitamente<\/li>\n<\/ul>\n<p>\u00a1Todo en espa\u00f1ol!<\/p>\n<p><strong><span class=\"JsGRdQ\">\u00a1Desc\u00e1rgala Hoy!<\/span><\/strong><\/p>\n<table style=\"width: 450px;height: 120px;border: none\">\n<tbody>\n<tr>\n<td style=\"border: none\"><a href=\"https:\/\/apps.apple.com\/us\/app\/joyce-meyer-espa%C3%B1ol\/id1596119775\"><img decoding=\"async\" class=\"aligncenter wp-image-4317\" src=\"https:\/\/tv.joycemeyer.org\/espanol\/wp-content\/uploads\/sites\/3\/2022\/03\/Apple-Logo-300x89.png\" alt=\"\" width=\"209\" height=\"89\" \/><\/a><\/td>\n<td style=\"border: none\"><a href=\"https:\/\/play.google.com\/store\/apps\/details?id=com.joycemeyerspanish.app\"><img decoding=\"async\" class=\"aligncenter wp-image-4318 size-medium\" src=\"https:\/\/tv.joycemeyer.org\/espanol\/wp-content\/uploads\/sites\/3\/2022\/03\/Google-Play-Logo-300x89.png\" alt=\"\" width=\"209\" height=\"89\" \/><\/a><\/td>\n<\/tr>\n<\/tbody>\n<\/table>\n<p>&nbsp;<\/p>\n","protected":false},"excerpt":{"rendered":"<p>Lleva Esperanza Donde Quiera que Vayas \u00a1Insp\u00edrate todos los d\u00edas con la aplicaci\u00f3n oficial de los Ministerios Joyce Meyer en el idioma espa\u00f1ol! Las caracter\u00edsticas de la aplicaci\u00f3n incluyen: Los programas Disfrutando La Vida Diaria de de Joyce, con opciones de solo audio y video. Devocionales diarios para edificarte y animarte Art\u00edculos de Joyce con&#8230;<\/p>\n","protected":false},"author":19,"featured_media":0,"parent":0,"menu_order":0,"comment_status":"closed","ping_status":"closed","template":"","meta":{"_acf_changed":false,"footnotes":""},"class_list":["post-3735","page","type-page","status-publish","hentry"],"acf":[],"yoast_head":"<!-- This site is optimized with the Yoast SEO plugin v26.9 - https:\/\/yoast.com\/product\/yoast-seo-wordpress\/ -->\n<title>La Aplicaci\u00f3n de los Ministerios Joyce Meyer - Joyce Meyer Ministries - Espanol<\/title>\n<meta name=\"robots\" content=\"index, follow, max-snippet:-1, max-image-preview:large, max-video-preview:-1\" \/>\n<link rel=\"canonical\" href=\"https:\/\/tv.joycemeyer.org\/espanol\/la-aplicacion-en-espanol\/\" \/>\n<meta property=\"og:locale\" content=\"es_ES\" \/>\n<meta property=\"og:type\" content=\"article\" \/>\n<meta property=\"og:title\" content=\"La Aplicaci\u00f3n de los Ministerios Joyce Meyer - Joyce Meyer Ministries - Espanol\" \/>\n<meta property=\"og:description\" content=\"Lleva Esperanza Donde Quiera que Vayas \u00a1Insp\u00edrate todos los d\u00edas con la aplicaci\u00f3n oficial de los Ministerios Joyce Meyer en el idioma espa\u00f1ol! Las caracter\u00edsticas de la aplicaci\u00f3n incluyen: Los programas Disfrutando La Vida Diaria de de Joyce, con opciones de solo audio y video. Devocionales diarios para edificarte y animarte Art\u00edculos de Joyce con...\" \/>\n<meta property=\"og:url\" content=\"https:\/\/tv.joycemeyer.org\/espanol\/la-aplicacion-en-espanol\/\" \/>\n<meta property=\"og:site_name\" content=\"Joyce Meyer Ministries - Espanol\" \/>\n<meta property=\"article:publisher\" content=\"https:\/\/www.facebook.com\/JoyceMeyerMinistriesEspanol\/\" \/>\n<meta property=\"article:modified_time\" content=\"2022-03-17T13:34:34+00:00\" \/>\n<meta property=\"og:image\" content=\"https:\/\/tv.joycemeyer.org\/espanol\/wp-content\/uploads\/sites\/3\/2022\/03\/Apple-Logo-300x89.png\" \/>\n<meta name=\"twitter:card\" content=\"summary_large_image\" \/>\n<meta name=\"twitter:label1\" content=\"Tiempo de lectura\" \/>\n\t<meta name=\"twitter:data1\" content=\"1 minuto\" \/>\n<script type=\"application\/ld+json\" class=\"yoast-schema-graph\">{\"@context\":\"https:\/\/schema.org\",\"@graph\":[{\"@type\":\"WebPage\",\"@id\":\"https:\/\/tv.joycemeyer.org\/espanol\/la-aplicacion-en-espanol\/\",\"url\":\"https:\/\/tv.joycemeyer.org\/espanol\/la-aplicacion-en-espanol\/\",\"name\":\"La Aplicaci\u00f3n de los Ministerios Joyce Meyer - Joyce Meyer Ministries - Espanol\",\"isPartOf\":{\"@id\":\"https:\/\/tv.joycemeyer.org\/espanol\/#website\"},\"primaryImageOfPage\":{\"@id\":\"https:\/\/tv.joycemeyer.org\/espanol\/la-aplicacion-en-espanol\/#primaryimage\"},\"image\":{\"@id\":\"https:\/\/tv.joycemeyer.org\/espanol\/la-aplicacion-en-espanol\/#primaryimage\"},\"thumbnailUrl\":\"https:\/\/tv.joycemeyer.org\/espanol\/wp-content\/uploads\/sites\/3\/2022\/03\/Apple-Logo-300x89.png\",\"datePublished\":\"2021-12-02T16:49:49+00:00\",\"dateModified\":\"2022-03-17T13:34:34+00:00\",\"breadcrumb\":{\"@id\":\"https:\/\/tv.joycemeyer.org\/espanol\/la-aplicacion-en-espanol\/#breadcrumb\"},\"inLanguage\":\"es\",\"potentialAction\":[{\"@type\":\"ReadAction\",\"target\":[\"https:\/\/tv.joycemeyer.org\/espanol\/la-aplicacion-en-espanol\/\"]}]},{\"@type\":\"ImageObject\",\"inLanguage\":\"es\",\"@id\":\"https:\/\/tv.joycemeyer.org\/espanol\/la-aplicacion-en-espanol\/#primaryimage\",\"url\":\"https:\/\/tv.joycemeyer.org\/espanol\/wp-content\/uploads\/sites\/3\/2022\/03\/Apple-Logo.png\",\"contentUrl\":\"https:\/\/tv.joycemeyer.org\/espanol\/wp-content\/uploads\/sites\/3\/2022\/03\/Apple-Logo.png\",\"width\":\"2000\",\"height\":\"593\"},{\"@type\":\"BreadcrumbList\",\"@id\":\"https:\/\/tv.joycemeyer.org\/espanol\/la-aplicacion-en-espanol\/#breadcrumb\",\"itemListElement\":[{\"@type\":\"ListItem\",\"position\":1,\"name\":\"Home\",\"item\":\"https:\/\/tv.joycemeyer.org\/espanol\/\"},{\"@type\":\"ListItem\",\"position\":2,\"name\":\"La Aplicaci\u00f3n de los Ministerios Joyce Meyer\"}]},{\"@type\":\"WebSite\",\"@id\":\"https:\/\/tv.joycemeyer.org\/espanol\/#website\",\"url\":\"https:\/\/tv.joycemeyer.org\/espanol\/\",\"name\":\"Joyce Meyer Ministries - Espanol\",\"description\":\"Disfrutando la Vida Diaria\",\"potentialAction\":[{\"@type\":\"SearchAction\",\"target\":{\"@type\":\"EntryPoint\",\"urlTemplate\":\"https:\/\/tv.joycemeyer.org\/espanol\/?s={search_term_string}\"},\"query-input\":{\"@type\":\"PropertyValueSpecification\",\"valueRequired\":true,\"valueName\":\"search_term_string\"}}],\"inLanguage\":\"es\"}]}<\/script>\n<!-- \/ Yoast SEO plugin. -->","yoast_head_json":{"title":"La Aplicaci\u00f3n de los Ministerios Joyce Meyer - Joyce Meyer Ministries - Espanol","robots":{"index":"index","follow":"follow","max-snippet":"max-snippet:-1","max-image-preview":"max-image-preview:large","max-video-preview":"max-video-preview:-1"},"canonical":"https:\/\/tv.joycemeyer.org\/espanol\/la-aplicacion-en-espanol\/","og_locale":"es_ES","og_type":"article","og_title":"La Aplicaci\u00f3n de los Ministerios Joyce Meyer - Joyce Meyer Ministries - Espanol","og_description":"Lleva Esperanza Donde Quiera que Vayas \u00a1Insp\u00edrate todos los d\u00edas con la aplicaci\u00f3n oficial de los Ministerios Joyce Meyer en el idioma espa\u00f1ol! Las caracter\u00edsticas de la aplicaci\u00f3n incluyen: Los programas Disfrutando La Vida Diaria de de Joyce, con opciones de solo audio y video. Devocionales diarios para edificarte y animarte Art\u00edculos de Joyce con...","og_url":"https:\/\/tv.joycemeyer.org\/espanol\/la-aplicacion-en-espanol\/","og_site_name":"Joyce Meyer Ministries - Espanol","article_publisher":"https:\/\/www.facebook.com\/JoyceMeyerMinistriesEspanol\/","article_modified_time":"2022-03-17T13:34:34+00:00","og_image":[{"url":"https:\/\/tv.joycemeyer.org\/espanol\/wp-content\/uploads\/sites\/3\/2022\/03\/Apple-Logo-300x89.png","type":"","width":"","height":""}],"twitter_card":"summary_large_image","twitter_misc":{"Tiempo de lectura":"1 minuto"},"schema":{"@context":"https:\/\/schema.org","@graph":[{"@type":"WebPage","@id":"https:\/\/tv.joycemeyer.org\/espanol\/la-aplicacion-en-espanol\/","url":"https:\/\/tv.joycemeyer.org\/espanol\/la-aplicacion-en-espanol\/","name":"La Aplicaci\u00f3n de los Ministerios Joyce Meyer - Joyce Meyer Ministries - Espanol","isPartOf":{"@id":"https:\/\/tv.joycemeyer.org\/espanol\/#website"},"primaryImageOfPage":{"@id":"https:\/\/tv.joycemeyer.org\/espanol\/la-aplicacion-en-espanol\/#primaryimage"},"image":{"@id":"https:\/\/tv.joycemeyer.org\/espanol\/la-aplicacion-en-espanol\/#primaryimage"},"thumbnailUrl":"https:\/\/tv.joycemeyer.org\/espanol\/wp-content\/uploads\/sites\/3\/2022\/03\/Apple-Logo-300x89.png","datePublished":"2021-12-02T16:49:49+00:00","dateModified":"2022-03-17T13:34:34+00:00","breadcrumb":{"@id":"https:\/\/tv.joycemeyer.org\/espanol\/la-aplicacion-en-espanol\/#breadcrumb"},"inLanguage":"es","potentialAction":[{"@type":"ReadAction","target":["https:\/\/tv.joycemeyer.org\/espanol\/la-aplicacion-en-espanol\/"]}]},{"@type":"ImageObject","inLanguage":"es","@id":"https:\/\/tv.joycemeyer.org\/espanol\/la-aplicacion-en-espanol\/#primaryimage","url":"https:\/\/tv.joycemeyer.org\/espanol\/wp-content\/uploads\/sites\/3\/2022\/03\/Apple-Logo.png","contentUrl":"https:\/\/tv.joycemeyer.org\/espanol\/wp-content\/uploads\/sites\/3\/2022\/03\/Apple-Logo.png","width":"2000","height":"593"},{"@type":"BreadcrumbList","@id":"https:\/\/tv.joycemeyer.org\/espanol\/la-aplicacion-en-espanol\/#breadcrumb","itemListElement":[{"@type":"ListItem","position":1,"name":"Home","item":"https:\/\/tv.joycemeyer.org\/espanol\/"},{"@type":"ListItem","position":2,"name":"La Aplicaci\u00f3n de los Ministerios Joyce Meyer"}]},{"@type":"WebSite","@id":"https:\/\/tv.joycemeyer.org\/espanol\/#website","url":"https:\/\/tv.joycemeyer.org\/espanol\/","name":"Joyce Meyer Ministries - Espanol","description":"Disfrutando la Vida Diaria","potentialAction":[{"@type":"SearchAction","target":{"@type":"EntryPoint","urlTemplate":"https:\/\/tv.joycemeyer.org\/espanol\/?s={search_term_string}"},"query-input":{"@type":"PropertyValueSpecification","valueRequired":true,"valueName":"search_term_string"}}],"inLanguage":"es"}]}},"featured_image_urls":{},"appp_media":null,"_links":{"self":[{"href":"https:\/\/tv.joycemeyer.org\/espanol\/wp-json\/wp\/v2\/pages\/3735","targetHints":{"allow":["GET"]}}],"collection":[{"href":"https:\/\/tv.joycemeyer.org\/espanol\/wp-json\/wp\/v2\/pages"}],"about":[{"href":"https:\/\/tv.joycemeyer.org\/espanol\/wp-json\/wp\/v2\/types\/page"}],"author":[{"embeddable":true,"href":"https:\/\/tv.joycemeyer.org\/espanol\/wp-json\/wp\/v2\/users\/19"}],"replies":[{"embeddable":true,"href":"https:\/\/tv.joycemeyer.org\/espanol\/wp-json\/wp\/v2\/comments?post=3735"}],"version-history":[{"count":0,"href":"https:\/\/tv.joycemeyer.org\/espanol\/wp-json\/wp\/v2\/pages\/3735\/revisions"}],"wp:attachment":[{"href":"https:\/\/tv.joycemeyer.org\/espanol\/wp-json\/wp\/v2\/media?parent=3735"}],"curies":[{"name":"wp","href":"https:\/\/api.w.org\/{rel}","templated":true}]}}