{"id":706,"date":"2018-02-14T18:16:36","date_gmt":"2018-02-14T18:16:36","guid":{"rendered":"https:\/\/tv.joycemeyer.org\/espanol\/?page_id=706"},"modified":"2022-03-17T12:38:25","modified_gmt":"2022-03-17T12:38:25","slug":"como-conocer-jesus","status":"publish","type":"page","link":"https:\/\/tv.joycemeyer.org\/espanol\/como-conocer-jesus\/","title":{"rendered":"C\u00f3mo Conocer a Jes\u00fas"},"content":{"rendered":"<p>Cuando aprendes a conocer a Jes\u00fas, comienzas un viaje maravilloso dentro del plan de Dios para tu vida. Romanos 3:23 lo dice de esta manera: por cuanto todos pecaron, y est\u00e1n destituidos de la gloria de Dios. Saber que Jes\u00fas simplemente est\u00e1 reconociendo tu necesidad por \u00c9l, creyendo lo que \u00c9l hizo por ti y aceptando Su maravilloso regalo. Esto admite que no puedes vivir esta vida por tu propia cuenta, que has pecado y necesitas un Salvador.<\/p>\n<p>Y las buenas noticias acerca de conocer a Jes\u00fas y de ser salvo es, el hermoso intercambio que sucede en ese momento. Le das todas las cosas malas y pecaminosas que has hecho y a cambio, Dios te da todo lo que \u00c9l tiene para ti. Ya sea que lo sepas o no, Su plan para tu vida es incre\u00edble y este es el primer paso para ese viaje.<\/p>\n<blockquote><p>\u201cPorque tanto am\u00f3 Dios al mundo que dio a su Hijo unig\u00e9nito, para que todo el que cree en \u00e9l no se pierda, sino que tenga vida eterna.\u201d\u2014 Juan 3:16<\/p><\/blockquote>\n","protected":false},"excerpt":{"rendered":"<p>Cuando aprendes a conocer a Jes\u00fas, comienzas un viaje maravilloso dentro del plan de Dios para tu vida. Romanos 3:23 lo dice de esta manera: por cuanto todos pecaron, y est\u00e1n destituidos de la gloria de Dios. Saber que Jes\u00fas simplemente est\u00e1 reconociendo tu necesidad por \u00c9l, creyendo lo que \u00c9l hizo por ti y&#8230;<\/p>\n","protected":false},"author":4,"featured_media":0,"parent":0,"menu_order":0,"comment_status":"closed","ping_status":"closed","template":"page-templates\/page-campaign.php","meta":{"_acf_changed":false,"footnotes":""},"class_list":["post-706","page","type-page","status-publish","hentry"],"acf":[],"yoast_head":"<!-- This site is optimized with the Yoast SEO plugin v26.9 - https:\/\/yoast.com\/product\/yoast-seo-wordpress\/ -->\n<title>C\u00f3mo Conocer a Jes\u00fas - Joyce Meyer Ministries - Espanol<\/title>\n<meta name=\"robots\" content=\"index, follow, max-snippet:-1, max-image-preview:large, max-video-preview:-1\" \/>\n<link rel=\"canonical\" href=\"https:\/\/tv.joycemeyer.org\/espanol\/como-conocer-jesus\/\" \/>\n<meta property=\"og:locale\" content=\"es_ES\" \/>\n<meta property=\"og:type\" content=\"article\" \/>\n<meta property=\"og:title\" content=\"C\u00f3mo Conocer a Jes\u00fas - Joyce Meyer Ministries - Espanol\" \/>\n<meta property=\"og:description\" content=\"Cuando aprendes a conocer a Jes\u00fas, comienzas un viaje maravilloso dentro del plan de Dios para tu vida. Romanos 3:23 lo dice de esta manera: por cuanto todos pecaron, y est\u00e1n destituidos de la gloria de Dios. Saber que Jes\u00fas simplemente est\u00e1 reconociendo tu necesidad por \u00c9l, creyendo lo que \u00c9l hizo por ti y...\" \/>\n<meta property=\"og:url\" content=\"https:\/\/tv.joycemeyer.org\/espanol\/como-conocer-jesus\/\" \/>\n<meta property=\"og:site_name\" content=\"Joyce Meyer Ministries - Espanol\" \/>\n<meta property=\"article:publisher\" content=\"https:\/\/www.facebook.com\/JoyceMeyerMinistriesEspanol\/\" \/>\n<meta property=\"article:modified_time\" content=\"2022-03-17T12:38:25+00:00\" \/>\n<meta name=\"twitter:card\" content=\"summary_large_image\" \/>\n<meta name=\"twitter:label1\" content=\"Tiempo de lectura\" \/>\n\t<meta name=\"twitter:data1\" content=\"1 minuto\" \/>\n<script type=\"application\/ld+json\" class=\"yoast-schema-graph\">{\"@context\":\"https:\/\/schema.org\",\"@graph\":[{\"@type\":\"WebPage\",\"@id\":\"https:\/\/tv.joycemeyer.org\/espanol\/como-conocer-jesus\/\",\"url\":\"https:\/\/tv.joycemeyer.org\/espanol\/como-conocer-jesus\/\",\"name\":\"C\u00f3mo Conocer a Jes\u00fas - Joyce Meyer Ministries - Espanol\",\"isPartOf\":{\"@id\":\"https:\/\/tv.joycemeyer.org\/espanol\/#website\"},\"datePublished\":\"2018-02-14T18:16:36+00:00\",\"dateModified\":\"2022-03-17T12:38:25+00:00\",\"breadcrumb\":{\"@id\":\"https:\/\/tv.joycemeyer.org\/espanol\/como-conocer-jesus\/#breadcrumb\"},\"inLanguage\":\"es\",\"potentialAction\":[{\"@type\":\"ReadAction\",\"target\":[\"https:\/\/tv.joycemeyer.org\/espanol\/como-conocer-jesus\/\"]}]},{\"@type\":\"BreadcrumbList\",\"@id\":\"https:\/\/tv.joycemeyer.org\/espanol\/como-conocer-jesus\/#breadcrumb\",\"itemListElement\":[{\"@type\":\"ListItem\",\"position\":1,\"name\":\"Home\",\"item\":\"https:\/\/tv.joycemeyer.org\/espanol\/\"},{\"@type\":\"ListItem\",\"position\":2,\"name\":\"C\u00f3mo Conocer a Jes\u00fas\"}]},{\"@type\":\"WebSite\",\"@id\":\"https:\/\/tv.joycemeyer.org\/espanol\/#website\",\"url\":\"https:\/\/tv.joycemeyer.org\/espanol\/\",\"name\":\"Joyce Meyer Ministries - Espanol\",\"description\":\"Disfrutando la Vida Diaria\",\"potentialAction\":[{\"@type\":\"SearchAction\",\"target\":{\"@type\":\"EntryPoint\",\"urlTemplate\":\"https:\/\/tv.joycemeyer.org\/espanol\/?s={search_term_string}\"},\"query-input\":{\"@type\":\"PropertyValueSpecification\",\"valueRequired\":true,\"valueName\":\"search_term_string\"}}],\"inLanguage\":\"es\"}]}<\/script>\n<!-- \/ Yoast SEO plugin. -->","yoast_head_json":{"title":"C\u00f3mo Conocer a Jes\u00fas - Joyce Meyer Ministries - Espanol","robots":{"index":"index","follow":"follow","max-snippet":"max-snippet:-1","max-image-preview":"max-image-preview:large","max-video-preview":"max-video-preview:-1"},"canonical":"https:\/\/tv.joycemeyer.org\/espanol\/como-conocer-jesus\/","og_locale":"es_ES","og_type":"article","og_title":"C\u00f3mo Conocer a Jes\u00fas - Joyce Meyer Ministries - Espanol","og_description":"Cuando aprendes a conocer a Jes\u00fas, comienzas un viaje maravilloso dentro del plan de Dios para tu vida. Romanos 3:23 lo dice de esta manera: por cuanto todos pecaron, y est\u00e1n destituidos de la gloria de Dios. Saber que Jes\u00fas simplemente est\u00e1 reconociendo tu necesidad por \u00c9l, creyendo lo que \u00c9l hizo por ti y...","og_url":"https:\/\/tv.joycemeyer.org\/espanol\/como-conocer-jesus\/","og_site_name":"Joyce Meyer Ministries - Espanol","article_publisher":"https:\/\/www.facebook.com\/JoyceMeyerMinistriesEspanol\/","article_modified_time":"2022-03-17T12:38:25+00:00","twitter_card":"summary_large_image","twitter_misc":{"Tiempo de lectura":"1 minuto"},"schema":{"@context":"https:\/\/schema.org","@graph":[{"@type":"WebPage","@id":"https:\/\/tv.joycemeyer.org\/espanol\/como-conocer-jesus\/","url":"https:\/\/tv.joycemeyer.org\/espanol\/como-conocer-jesus\/","name":"C\u00f3mo Conocer a Jes\u00fas - Joyce Meyer Ministries - Espanol","isPartOf":{"@id":"https:\/\/tv.joycemeyer.org\/espanol\/#website"},"datePublished":"2018-02-14T18:16:36+00:00","dateModified":"2022-03-17T12:38:25+00:00","breadcrumb":{"@id":"https:\/\/tv.joycemeyer.org\/espanol\/como-conocer-jesus\/#breadcrumb"},"inLanguage":"es","potentialAction":[{"@type":"ReadAction","target":["https:\/\/tv.joycemeyer.org\/espanol\/como-conocer-jesus\/"]}]},{"@type":"BreadcrumbList","@id":"https:\/\/tv.joycemeyer.org\/espanol\/como-conocer-jesus\/#breadcrumb","itemListElement":[{"@type":"ListItem","position":1,"name":"Home","item":"https:\/\/tv.joycemeyer.org\/espanol\/"},{"@type":"ListItem","position":2,"name":"C\u00f3mo Conocer a Jes\u00fas"}]},{"@type":"WebSite","@id":"https:\/\/tv.joycemeyer.org\/espanol\/#website","url":"https:\/\/tv.joycemeyer.org\/espanol\/","name":"Joyce Meyer Ministries - Espanol","description":"Disfrutando la Vida Diaria","potentialAction":[{"@type":"SearchAction","target":{"@type":"EntryPoint","urlTemplate":"https:\/\/tv.joycemeyer.org\/espanol\/?s={search_term_string}"},"query-input":{"@type":"PropertyValueSpecification","valueRequired":true,"valueName":"search_term_string"}}],"inLanguage":"es"}]}},"featured_image_urls":{},"appp_media":null,"_links":{"self":[{"href":"https:\/\/tv.joycemeyer.org\/espanol\/wp-json\/wp\/v2\/pages\/706","targetHints":{"allow":["GET"]}}],"collection":[{"href":"https:\/\/tv.joycemeyer.org\/espanol\/wp-json\/wp\/v2\/pages"}],"about":[{"href":"https:\/\/tv.joycemeyer.org\/espanol\/wp-json\/wp\/v2\/types\/page"}],"author":[{"embeddable":true,"href":"https:\/\/tv.joycemeyer.org\/espanol\/wp-json\/wp\/v2\/users\/4"}],"replies":[{"embeddable":true,"href":"https:\/\/tv.joycemeyer.org\/espanol\/wp-json\/wp\/v2\/comments?post=706"}],"version-history":[{"count":0,"href":"https:\/\/tv.joycemeyer.org\/espanol\/wp-json\/wp\/v2\/pages\/706\/revisions"}],"wp:attachment":[{"href":"https:\/\/tv.joycemeyer.org\/espanol\/wp-json\/wp\/v2\/media?parent=706"}],"curies":[{"name":"wp","href":"https:\/\/api.w.org\/{rel}","templated":true}]}}