{"id":1076,"date":"2018-06-25T19:48:40","date_gmt":"2018-06-25T17:48:40","guid":{"rendered":"https:\/\/tv.joycemeyer.org\/italiano\/?page_id=1076"},"modified":"2018-06-25T19:49:25","modified_gmt":"2018-06-25T17:49:25","slug":"informativa-sulla-privacy","status":"publish","type":"page","link":"https:\/\/tv.joycemeyer.org\/italiano\/informativa-sulla-privacy\/","title":{"rendered":"Informativa sulla privacy"},"content":{"rendered":"<h6>ULTIMO AGGIORNAMENTO: 17 MAGGIO 2018<\/h6>\n<p><em>Joyce Meyer Ministries, Inc.<\/em>\u00a0(&#8220;JMM&#8221;) \u00e8 un\u2019organizzazione cristiana senza scopo di lucro impegnata per l\u2019eccellenza, l\u2019integrit\u00e0 e la privacy. La presente Informativa viene fornita all\u2019utente per rendere note le modalit\u00e0 con cui JMM raccoglie, utilizza, memorizza, trasferisce e divulga i suoi dati personali. Fornendo tali informazioni, l\u2019utente accetta il trattamento dei suoi dati personali in conformit\u00e0 alla presente Informativa sulla privacy e alle modifiche periodiche (come indicato alla data sopra riportata).<\/p>\n<p><strong>RACCOLTA E UTILIZZO DELLE INFORMAZIONI<\/strong><\/p>\n<p>JMM raccoglie alcune informazioni anonime che non possono far risalire a un individuo specifico (salvo che tale individuo non abbia effettuato l\u2019accesso tramite un account). Ad esempio, i web server di JMM registrano automaticamente l\u2019indirizzo IP (la posizione generale da cui l\u2019utente \u00e8 collegato) di ciascun visitatore del Sito web di JMM, joycemeyer.org, e monitorano il numero di persone che visitano il Sito web. Tali informazioni anonime vengono utilizzate per amministrare e perfezionare il Sito web in modo pi\u00f9 efficiente, come pure per acquisire informazioni generiche relative alle esperienze generali dei visitatori.<\/p>\n<p>JMM potr\u00e0 altres\u00ec chiedere all\u2019utente di fornire dati personali che lo identificano. JMM richiede tali informazioni quando l\u2019utente crea un account, invia una richiesta a JMM, diventa un Sostenitore, effettua un acquisto o una donazione, o interagisce con JMM a fini promozionali. Tali informazioni possono comprendere nome e cognome, indirizzo postale, numero di telefono, indirizzo e-mail, data di nascita, stato civile, altri dati demografici o informazioni relative alla carta di credito. JMM limita i dati personali raccolti ai dati considerati ragionevoli in funzione delle circostanze e acquisisce i dati personali soltanto con il previo consenso dell\u2019utente.<\/p>\n<p>JMM utilizza i dati personali dell\u2019utente per gli scopi indicati o impliciti al momento della raccolta e potrebbe altres\u00ec utilizzare tali dati se consentito dalla legge, ad esempio per rispondere a un\u2019emergenza o nel corso di un\u2019indagine su eventuali condotte illecite.<\/p>\n<p><strong>COOKIE E TECNOLOGIE SIMILI<\/strong><\/p>\n<p>I cookie sono piccole parti di testo utilizzate per memorizzare informazioni sui dispositivi che visitano i siti web. Altre tecnologie, ivi inclusi i dati che JMM memorizza sul web browser o il dispositivo dell\u2019utente, gli identificativi associati al dispositivo dell\u2019utente, la tecnologia pixel (ad esempio, il pixel di Facebook) e altri software (Google Analytics e Google AdWords) vengono utilizzati per scopi analoghi. Nella presente Informativa, JMM si riferisce a tutte queste tecnologie con il termine di \u201ccookie\u201d.<\/p>\n<p><em>Joyce Meyer Ministries<\/em>\u00a0utilizza i cookie in vari modi, come di seguito riportato:<\/p>\n<ul>\n<li>autenticazione e identificazione dell\u2019utente sui siti web JMM in modo da poter fornire allo stesso i servizi richiesti, ivi inclusi i servizi di localizzazione;<\/li>\n<li>monitoraggio delle informazioni fornite dall\u2019utente a JMM (ad esempio, gli elementi preferiti, il carrello, le liste degli elementi richiesti ecc.);<\/li>\n<li>misurazione dell\u2019utilizzo dei siti web da parte dell\u2019utente in modo da poter personalizzare l\u2019esperienza in base agli interessi dell\u2019utente e migliorare il servizio di JMM sul Sito web, sulle app o sulle piattaforme dei social media;<\/li>\n<li>mantenimento della sicurezza dell\u2019account dell\u2019utente, dei dati e del sito web da parte di JMM.<\/li>\n<\/ul>\n<p>Alcuni browser sono dotati di funzionalit\u00e0 \u201cdo not track\u201d, che consentono all\u2019utente di impedire il tracciamento della propria navigazione su un sito web. Tali funzioni non sono uniformi. Si fa presente che in caso di disabilitazione dei cookie, alcune funzionalit\u00e0 presenti sui siti JMM potrebbero non funzionare. In caso di blocco o rifiuto dei cookie da parte dell\u2019utente, non tutte le funzionalit\u00e0 di tracciamento ivi descritte si interromperanno.<\/p>\n<p><strong>ANTI-SPAM<\/strong><\/p>\n<p>JMM desidera comunicare con l\u2019utente solo se lo stesso desidera ricevere comunicazioni da parte di JMM. JMM cerca di ridurre al minimo il numero di e-mail e di altre comunicazioni digitali e offre all\u2019utente la possibilit\u00e0 di fornire il proprio consenso alle comunicazioni di marketing inviate da JMM.<\/p>\n<p>JMM invier\u00e0 all\u2019utente le e-mail relative alle sue transazioni su joycemeyer.org. L\u2019utente potr\u00e0 inoltre scegliere di ricevere alcune comunicazioni e-mail relative ad attivit\u00e0 ministeriali e di marketing, in base alle proprie preferenze e di cui potr\u00e0 richiedere la cancellazione in qualsiasi momento nell\u2019ultima e-mail ricevuta.<\/p>\n<p>L\u2019utente potr\u00e0 inoltre aggiornare le preferenze di iscrizione facendo clic sul link in fondo a qualsiasi e-mail ricevuta da JMM.<\/p>\n<p>Anche se si sceglie di non ricevere le comunicazioni promozionali da parte di JMM, si fa presente che JMM potr\u00e0 continuare a contattare l\u2019utente per altri scopi. Ad esempio, JMM potr\u00e0 contattare l\u2019utente per fornirgli comunicazioni che lo stesso ha acconsentito di ricevere, in relazione a prodotti che ha richiesto o servizi che JMM gli ha fornito o se l\u2019utente contatter\u00e0 JMM per una richiesta.<\/p>\n<p><strong>CONDIVISIONE E DIVULGAZIONE DELLE INFORMAZIONI<\/strong><\/p>\n<p>JMM si impegna a non fornire, vendere, cedere o condividere i dati personali con altre organizzazioni, ad eccezione di risposte a citazioni in giudizio, ingiunzioni, azioni legali o per far valere e\/o esercitare i propri diritti legali.<\/p>\n<p><strong>RESPONSABILE DEL TRATTAMENTO<\/strong><\/p>\n<p>JMM \u00e8 l\u2019entit\u00e0 giuridica che determina gli scopi e i mezzi del trattamento dei Dati personali. In qualit\u00e0 di Responsabile del trattamento, JMM intraprende tutte le misure ragionevoli per proteggere la sicurezza e la riservatezza dei dati personali dell\u2019utente. JMM protegge i dati personali sotto la sua custodia o il suo controllo con adeguate misure di sicurezza organizzativa, tecnologica e fisica.<\/p>\n<p><strong>INCARICATO DEL TRATTAMENTO<\/strong><\/p>\n<p>JMM \u00e8 la Responsabile nonch\u00e9 l\u2019Incaricata del trattamento. Tuttavia, vi sono casi in cui JMM utilizza fornitori di servizi terzi di fiducia per consentirle di raccogliere ed effettuare il trattamento dei dati. Tali Fornitori di servizi terzi potranno avere accesso, memorizzare o effettuare il trattamento dei Dati personali o dei Dati del cliente nell\u2019ambito della fornitura di tali servizi per JMM. JMM limita i dati forniti a tali fornitori di servizi ai dati ritenuti ragionevolmente necessari per assolvere alle loro funzioni e ai contratti stipulati con gli stessi, al fine di mantenere la riservatezza di tali informazioni e rispettare gli standard relativi alla privacy. Alcuni dei fornitori terzi potranno essere ubicati al di fuori del Paese di residenza dell\u2019utente e, di conseguenza, i tribunali, i governi o le autorit\u00e0 incaricate dell&#8217;applicazione della legge di detto Paese potrebbero ottenere la divulgazione dei dati dell\u2019utente conformemente alle leggi dello stesso Paese.<\/p>\n<p><strong>MISURE DI SICUREZZA E CONSERVAZIONE<\/strong><\/p>\n<p>JMM adotter\u00e0 tutte le misure ragionevoli per proteggere la sicurezza e la riservatezza dei dati personali dell\u2019utente. JMM protegge i dati personali sotto la sua custodia o il suo controllo con adeguate misure di sicurezza organizzativa, tecnologica e fisica.<\/p>\n<p>JMM memorizza i dati personali in archivi elettronici e fisici sicuri, e le sue misure di sicurezza comprendono l\u2019archiviazione on-site e off-site sicura, l\u2019accesso limitato a registi e attrezzature per il trattamento dei dati, protocolli con password e software di crittografia, e software di sicurezza. JMM esegue controlli e monitora la conformit\u00e0 alle proprie pratiche in fatto di riservatezza. Se si risiede al di fuori degli Stati Uniti, si fa presente che l\u2019utente invia informazioni (ivi inclusi i Dati personali) negli Stati Uniti, dove sono ubicati i server di JMM. JMM si impegna a proteggere le informazioni utilizzando gli stessi protocolli sopra riportati.<\/p>\n<p>JMM conserver\u00e0 i dati personali solo per il periodo necessario allo scopo per il quale sono stati raccolti. I requisiti normativi, tuttavia, possono prevedere che JMM conservi, in toto o in parte, i dati personali detenuti per un periodo di tempo pi\u00f9 lungo rispetto a quello per il quale potrebbe altrimenti detenerli.<\/p>\n<p><strong>COMPROMISSIONE DEI DATI PERSONALI<\/strong><\/p>\n<p>In caso di compromissione dei dati personali in seguito a una violazione della sicurezza, JMM ne dar\u00e0 tempestiva comunicazione all\u2019utente conformemente alla normativa applicabile.<\/p>\n<p><strong>UTENTI EUROPEI E LORO DIRITTI<\/strong><\/p>\n<p><strong>ACCESSO, CORREZIONE, CANCELLAZIONE<\/strong><\/p>\n<p>Gli utenti residenti nella UE godono di determinati diritti in relazione ai propri dati personali. Fatti salvi i casi in cui si applicano eccezioni o esenzioni, tali diritti comprendono la capacit\u00e0 di accedere, correggere e richiedere la cancellazione dei propri dati personali. JMM rispetta i diritti alla riservatezza dell\u2019utente e fornisce un accesso ragionevole ai Dati personali che lo stesso pu\u00f2 aver fornito a JMM. Se l\u2019utente desidera accedere o correggere i Dati personali che lo riguardano detenuti da JMM o desidera richiedere a JMM la cancellazione dei suoi dati, pu\u00f2 utilizzare il link \u201cContattaci\u201d riportato di seguito. Per soddisfare la richiesta dell\u2019utente, JMM potr\u00e0 richiedere di verificare l\u2019identit\u00e0 dello stesso.<br \/>\n<a href=\"https:\/\/www.joycemeyer.org\/contact\">joycemeyer.org\/contact<\/a><\/p>\n<p><strong>RISOLUZIONE DELLE CONTROVERSIE<\/strong><\/p>\n<p>Se si risiede nella UE e si ritiene che i propri dati personali siano stati trattati in modo errato, \u00e8 possibile inviare una e-mail al Responsabile della protezione dei dati\u00a0di JMM a\u00a0dpo@joycemeyer.org\u00a0o mettersi in contatto con lo stesso all\u2019indirizzo postale:<\/p>\n<p>Joyce Meyer Ministries<br \/>\nData Protection Officer<br \/>\nUnited Kingdom Office<br \/>\nP.O. Box 1549<br \/>\nWindsor SL4 1GT<\/p>\n<p>Regno Unito<\/p>\n<p><strong>AUTORIT\u00c0 DI PROTEZIONE DEI DATI<\/strong><\/p>\n<p>Fatta salva la normativa applicabile, se l\u2019utente \u00e8 un cittadino o un residente dell\u2019Unione europea, ha il diritto di (i) opporsi all\u2019utilizzo dei propri dati personali da parte di JMM e di (ii) presentare un reclamo presso l\u2019Autorit\u00e0 di protezione dei dati locale o presso l\u2019Information Commissioner\u2019s Office (autorit\u00e0 britannica per la protezione dei dati).<\/p>\n<p>United Kingdom Information Commissioner\u2019s Office<br \/>\nWycliffe House, Water Lane, Wilmslow, Cheshire<br \/>\nSK9 5AF<\/p>\n<p>Regno Unito<br \/>\nTelefono: +0303 123 1113<br \/>\nFax: 01625 524510<br \/>\nWeb:\u00a0<a href=\"https:\/\/ico.org.uk\/global\/contact-us\/\">ico.org.uk\/global\/contact-us<\/a><\/p>\n<p><strong>LINK DI TERZI<\/strong><\/p>\n<p>Il Sito web pu\u00f2 contenere link ad altri siti web gestiti da terzi. Si fa presente che la presente Informativa sulla privacy si applica solo ai dati personali che JMM raccoglie o riceve da terzi con il consenso dell\u2019utente e che JMM non pu\u00f2 essere ritenuta responsabile dei dati personali che terzi possono raccogliere, archiviare e utilizzare anche attraverso i loro stessi siti web. L\u2019utente \u00e8 sempre tenuto a leggere attentamente l\u2019informativa sulla privacy di ciascun sito web che visita.<\/p>\n<p>Inoltre, quando l\u2019utente fornisce informazioni a JMM tramite un sito web o una piattaforma di terzi, le informazioni potranno essere raccolte anche da tale sito ed essere soggette alla relativa informativa sulla privacy.<\/p>\n<p><strong>POLITICA SUI MINORI<\/strong><\/p>\n<p>JMM non raccoglie deliberatamente dati personali di minori. Gli utenti di et\u00e0 inferiore ai 16 anni devono chiedere il permesso ai propri genitori o tutori per utilizzare il presente Sito web, richiedere informazioni a JMM o acquistare eventuali materiali sul presente Sito web.<\/p>\n<p><strong>CONTATTI JMM<\/strong><\/p>\n<p>JMM si adopera per mantenere completi, aggiornati e accurati tutti i dati personali. L\u2019utente o la persona autorizzata per conto dell\u2019utente ha il diritto di richiedere modifiche o correzioni a informazioni incomplete e inaccurate. Per maggiori informazioni, contattare JMM attraverso uno dei modi sotto indicati.<\/p>\n<p>Joyce Meyer Ministries<br \/>\nP.O. Box 655<br \/>\nFenton, MO 63026<br \/>\n1-800-727-9673 or (636) 349-0303<br \/>\n<a href=\"mailto:joycemeyerinfo@joycemeyer.org\">joycemeyerinfo@joycemeyer.org<\/a><\/p>\n<p>&nbsp;<\/p>\n","protected":false},"excerpt":{"rendered":"<p>ULTIMO AGGIORNAMENTO: 17 MAGGIO 2018 Joyce Meyer Ministries, Inc.\u00a0(&#8220;JMM&#8221;) \u00e8 un\u2019organizzazione cristiana senza scopo di lucro impegnata per l\u2019eccellenza, l\u2019integrit\u00e0 e la privacy. La presente Informativa viene fornita all\u2019utente per rendere note le modalit\u00e0 con cui JMM raccoglie, utilizza, memorizza, trasferisce e divulga i suoi dati personali. Fornendo tali informazioni, l\u2019utente accetta il trattamento dei&#8230;<\/p>\n","protected":false},"author":4,"featured_media":0,"parent":0,"menu_order":0,"comment_status":"closed","ping_status":"closed","template":"","meta":{"_acf_changed":false,"footnotes":""},"class_list":["post-1076","page","type-page","status-publish","hentry"],"acf":[],"yoast_head":"<!-- This site is optimized with the Yoast SEO plugin v27.4 - https:\/\/yoast.com\/product\/yoast-seo-wordpress\/ -->\n<title>Informativa sulla privacy - Joyce Meyer Ministries - Italiano<\/title>\n<meta name=\"description\" content=\"Joyce Meyer Ministries - Italiano\" \/>\n<meta name=\"robots\" content=\"index, follow, max-snippet:-1, max-image-preview:large, max-video-preview:-1\" \/>\n<link rel=\"canonical\" href=\"https:\/\/tv.joycemeyer.org\/italiano\/informativa-sulla-privacy\/\" \/>\n<meta property=\"og:locale\" content=\"it_IT\" \/>\n<meta property=\"og:type\" content=\"article\" \/>\n<meta property=\"og:title\" content=\"Informativa sulla privacy - Joyce Meyer Ministries - Italiano\" \/>\n<meta property=\"og:description\" content=\"Joyce Meyer Ministries - Italiano\" \/>\n<meta property=\"og:url\" content=\"https:\/\/tv.joycemeyer.org\/italiano\/informativa-sulla-privacy\/\" \/>\n<meta property=\"og:site_name\" content=\"Joyce Meyer Ministries - Italiano\" \/>\n<meta property=\"article:publisher\" content=\"https:\/\/www.facebook.com\/joycemeyerministriesitaliano\/\" \/>\n<meta property=\"article:modified_time\" content=\"2018-06-25T17:49:25+00:00\" \/>\n<meta name=\"twitter:card\" content=\"summary_large_image\" \/>\n<meta name=\"twitter:label1\" content=\"Tempo di lettura stimato\" \/>\n\t<meta name=\"twitter:data1\" content=\"9 minuti\" \/>\n<script type=\"application\/ld+json\" class=\"yoast-schema-graph\">{\"@context\":\"https:\\\/\\\/schema.org\",\"@graph\":[{\"@type\":\"WebPage\",\"@id\":\"https:\\\/\\\/tv.joycemeyer.org\\\/italiano\\\/informativa-sulla-privacy\\\/\",\"url\":\"https:\\\/\\\/tv.joycemeyer.org\\\/italiano\\\/informativa-sulla-privacy\\\/\",\"name\":\"Informativa sulla privacy - Joyce Meyer Ministries - Italiano\",\"isPartOf\":{\"@id\":\"https:\\\/\\\/tv.joycemeyer.org\\\/italiano\\\/#website\"},\"datePublished\":\"2018-06-25T17:48:40+00:00\",\"dateModified\":\"2018-06-25T17:49:25+00:00\",\"description\":\"Joyce Meyer Ministries - Italiano\",\"breadcrumb\":{\"@id\":\"https:\\\/\\\/tv.joycemeyer.org\\\/italiano\\\/informativa-sulla-privacy\\\/#breadcrumb\"},\"inLanguage\":\"it-IT\",\"potentialAction\":[{\"@type\":\"ReadAction\",\"target\":[\"https:\\\/\\\/tv.joycemeyer.org\\\/italiano\\\/informativa-sulla-privacy\\\/\"]}]},{\"@type\":\"BreadcrumbList\",\"@id\":\"https:\\\/\\\/tv.joycemeyer.org\\\/italiano\\\/informativa-sulla-privacy\\\/#breadcrumb\",\"itemListElement\":[{\"@type\":\"ListItem\",\"position\":1,\"name\":\"Home\",\"item\":\"https:\\\/\\\/tv.joycemeyer.org\\\/italiano\\\/\"},{\"@type\":\"ListItem\",\"position\":2,\"name\":\"Informativa sulla privacy\"}]},{\"@type\":\"WebSite\",\"@id\":\"https:\\\/\\\/tv.joycemeyer.org\\\/italiano\\\/#website\",\"url\":\"https:\\\/\\\/tv.joycemeyer.org\\\/italiano\\\/\",\"name\":\"Joyce Meyer Ministries - Italiano\",\"description\":\"Condividiamo Cristo - Amiamo le persone\",\"potentialAction\":[{\"@type\":\"SearchAction\",\"target\":{\"@type\":\"EntryPoint\",\"urlTemplate\":\"https:\\\/\\\/tv.joycemeyer.org\\\/italiano\\\/?s={search_term_string}\"},\"query-input\":{\"@type\":\"PropertyValueSpecification\",\"valueRequired\":true,\"valueName\":\"search_term_string\"}}],\"inLanguage\":\"it-IT\"}]}<\/script>\n<!-- \/ Yoast SEO plugin. -->","yoast_head_json":{"title":"Informativa sulla privacy - Joyce Meyer Ministries - Italiano","description":"Joyce Meyer Ministries - Italiano","robots":{"index":"index","follow":"follow","max-snippet":"max-snippet:-1","max-image-preview":"max-image-preview:large","max-video-preview":"max-video-preview:-1"},"canonical":"https:\/\/tv.joycemeyer.org\/italiano\/informativa-sulla-privacy\/","og_locale":"it_IT","og_type":"article","og_title":"Informativa sulla privacy - Joyce Meyer Ministries - Italiano","og_description":"Joyce Meyer Ministries - Italiano","og_url":"https:\/\/tv.joycemeyer.org\/italiano\/informativa-sulla-privacy\/","og_site_name":"Joyce Meyer Ministries - Italiano","article_publisher":"https:\/\/www.facebook.com\/joycemeyerministriesitaliano\/","article_modified_time":"2018-06-25T17:49:25+00:00","twitter_card":"summary_large_image","twitter_misc":{"Tempo di lettura stimato":"9 minuti"},"schema":{"@context":"https:\/\/schema.org","@graph":[{"@type":"WebPage","@id":"https:\/\/tv.joycemeyer.org\/italiano\/informativa-sulla-privacy\/","url":"https:\/\/tv.joycemeyer.org\/italiano\/informativa-sulla-privacy\/","name":"Informativa sulla privacy - Joyce Meyer Ministries - Italiano","isPartOf":{"@id":"https:\/\/tv.joycemeyer.org\/italiano\/#website"},"datePublished":"2018-06-25T17:48:40+00:00","dateModified":"2018-06-25T17:49:25+00:00","description":"Joyce Meyer Ministries - Italiano","breadcrumb":{"@id":"https:\/\/tv.joycemeyer.org\/italiano\/informativa-sulla-privacy\/#breadcrumb"},"inLanguage":"it-IT","potentialAction":[{"@type":"ReadAction","target":["https:\/\/tv.joycemeyer.org\/italiano\/informativa-sulla-privacy\/"]}]},{"@type":"BreadcrumbList","@id":"https:\/\/tv.joycemeyer.org\/italiano\/informativa-sulla-privacy\/#breadcrumb","itemListElement":[{"@type":"ListItem","position":1,"name":"Home","item":"https:\/\/tv.joycemeyer.org\/italiano\/"},{"@type":"ListItem","position":2,"name":"Informativa sulla privacy"}]},{"@type":"WebSite","@id":"https:\/\/tv.joycemeyer.org\/italiano\/#website","url":"https:\/\/tv.joycemeyer.org\/italiano\/","name":"Joyce Meyer Ministries - Italiano","description":"Condividiamo Cristo - Amiamo le persone","potentialAction":[{"@type":"SearchAction","target":{"@type":"EntryPoint","urlTemplate":"https:\/\/tv.joycemeyer.org\/italiano\/?s={search_term_string}"},"query-input":{"@type":"PropertyValueSpecification","valueRequired":true,"valueName":"search_term_string"}}],"inLanguage":"it-IT"}]}},"_links":{"self":[{"href":"https:\/\/tv.joycemeyer.org\/italiano\/wp-json\/wp\/v2\/pages\/1076","targetHints":{"allow":["GET"]}}],"collection":[{"href":"https:\/\/tv.joycemeyer.org\/italiano\/wp-json\/wp\/v2\/pages"}],"about":[{"href":"https:\/\/tv.joycemeyer.org\/italiano\/wp-json\/wp\/v2\/types\/page"}],"author":[{"embeddable":true,"href":"https:\/\/tv.joycemeyer.org\/italiano\/wp-json\/wp\/v2\/users\/4"}],"replies":[{"embeddable":true,"href":"https:\/\/tv.joycemeyer.org\/italiano\/wp-json\/wp\/v2\/comments?post=1076"}],"version-history":[{"count":0,"href":"https:\/\/tv.joycemeyer.org\/italiano\/wp-json\/wp\/v2\/pages\/1076\/revisions"}],"wp:attachment":[{"href":"https:\/\/tv.joycemeyer.org\/italiano\/wp-json\/wp\/v2\/media?parent=1076"}],"curies":[{"name":"wp","href":"https:\/\/api.w.org\/{rel}","templated":true}]}}