{"id":349,"date":"2017-11-09T20:55:02","date_gmt":"2017-11-09T18:55:02","guid":{"rendered":"https:\/\/tv.joycemeyer.org\/italiano\/?page_id=349"},"modified":"2017-11-22T20:03:52","modified_gmt":"2017-11-22T18:03:52","slug":"preghiera-di-salvezza","status":"publish","type":"page","link":"https:\/\/tv.joycemeyer.org\/italiano\/preghiera-di-salvezza\/","title":{"rendered":"Preghiera di salvezza"},"content":{"rendered":"<p>Dio ti ama e desidera instaurare una relazione personale con te. Se non hai mai ricevuto Ges\u00f9 Cristo come tuo personale Salvatore, lo puoi fare in questo istante. Apri il tuo cuore a Lui ed eleva questa preghiera\u2026<\/p>\n<p>\u201cPadre, so di aver peccato contro di Te. Ti prego, perdonami e purificami. Prometto di riporre la mia fiducia in Tuo Figlio, Ges\u00f9. Io credo che Lui \u00e8 morto per me, prendendo su di S\u00e9 il mio peccato quando Si \u00e8 sacrificato sulla croce. Credo che \u00e8 risorto dai morti. Arrendo la mia vita a Ges\u00f9 in questo momento.<\/p>\n<p>Grazie, Padre, per avermi donato il Tuo perdono e la vita eterna. Ti prego, aiutami a vivere per Te. Nel nome di Ges\u00f9, amen\u201d.<\/p>\n<p>Se hai elevato questa preghiera con sincerit\u00e0 di cuore, Dio ti ha accolto, purificato e liberato dalla schiavit\u00f9 della morte spirituale. Dedica del tempo per leggere e approfondire questi versetti, e chiedi a Dio di parlarti mentre ti accompagna in questo viaggio verso la tua nuova vita.<\/p>\n<table>\n<tbody>\n<tr>\n<td width=\"30%\">Giovanni 3:16<\/td>\n<td width=\"30%\">1 Corinzi 15:3-4<\/td>\n<\/tr>\n<tr>\n<td width=\"30%\">Efesini 1:4<\/td>\n<td width=\"30%\">Efesini 2:8-9<\/td>\n<\/tr>\n<tr>\n<td width=\"30%\">1 Giovanni 1:9<\/td>\n<td width=\"30%\">1 Giovanni 4:14-15<\/td>\n<\/tr>\n<tr>\n<td width=\"30%\">1 Giovanni 5:1<\/td>\n<td width=\"30%\">1 Giovanni 5:12-13<\/td>\n<\/tr>\n<\/tbody>\n<\/table>\n<p>&nbsp;<\/p>\n<p>Chiedi a Dio di aiutarti a trovare una buona chiesa locale che creda nella Bibbia e che ti incoraggi a stringere una relazione sempre pi\u00f9 forte con Ges\u00f9. Dio \u00e8 sempre con te e ti guider\u00e0 giorno dopo giorno, mostrandoti come vivere la vita abbondante che ha in serbo per te!<\/p>\n<div class=\"list-item__content\" style=\"text-align: left;\"><a href=\"https:\/\/tv.joycemeyer.org\/italiano\/ebooks\/un-nuovo-modo-di-vivere\/\">Un nuovo modo di vivere.<\/a><\/div>\n<p>&nbsp;<\/p>\n<div class=\"list-item__content\"><\/div>\n<p>&nbsp;<\/p>\n","protected":false},"excerpt":{"rendered":"<p>Dio ti ama e desidera instaurare una relazione personale con te. Se non hai mai ricevuto Ges\u00f9 Cristo come tuo personale Salvatore, lo puoi fare in questo istante. Apri il tuo cuore a Lui ed eleva questa preghiera\u2026 \u201cPadre, so di aver peccato contro di Te. Ti prego, perdonami e purificami. Prometto di riporre la&#8230;<\/p>\n","protected":false},"author":4,"featured_media":0,"parent":0,"menu_order":0,"comment_status":"closed","ping_status":"closed","template":"","meta":{"_acf_changed":false,"footnotes":""},"class_list":["post-349","page","type-page","status-publish","hentry"],"acf":[],"yoast_head":"<!-- This site is optimized with the Yoast SEO plugin v27.4 - https:\/\/yoast.com\/product\/yoast-seo-wordpress\/ -->\n<title>Preghiera di salvezza - Joyce Meyer Ministries - Italiano<\/title>\n<meta name=\"description\" content=\"Joyce Meyer Ministries - Italiano\" \/>\n<meta name=\"robots\" content=\"index, follow, max-snippet:-1, max-image-preview:large, max-video-preview:-1\" \/>\n<link rel=\"canonical\" href=\"https:\/\/tv.joycemeyer.org\/italiano\/preghiera-di-salvezza\/\" \/>\n<meta property=\"og:locale\" content=\"it_IT\" \/>\n<meta property=\"og:type\" content=\"article\" \/>\n<meta property=\"og:title\" content=\"Preghiera di salvezza - Joyce Meyer Ministries - Italiano\" \/>\n<meta property=\"og:description\" content=\"Joyce Meyer Ministries - Italiano\" \/>\n<meta property=\"og:url\" content=\"https:\/\/tv.joycemeyer.org\/italiano\/preghiera-di-salvezza\/\" \/>\n<meta property=\"og:site_name\" content=\"Joyce Meyer Ministries - Italiano\" \/>\n<meta property=\"article:publisher\" content=\"https:\/\/www.facebook.com\/joycemeyerministriesitaliano\/\" \/>\n<meta property=\"article:modified_time\" content=\"2017-11-22T18:03:52+00:00\" \/>\n<meta name=\"twitter:card\" content=\"summary_large_image\" \/>\n<meta name=\"twitter:label1\" content=\"Tempo di lettura stimato\" \/>\n\t<meta name=\"twitter:data1\" content=\"1 minuto\" \/>\n<script type=\"application\/ld+json\" class=\"yoast-schema-graph\">{\"@context\":\"https:\\\/\\\/schema.org\",\"@graph\":[{\"@type\":\"WebPage\",\"@id\":\"https:\\\/\\\/tv.joycemeyer.org\\\/italiano\\\/preghiera-di-salvezza\\\/\",\"url\":\"https:\\\/\\\/tv.joycemeyer.org\\\/italiano\\\/preghiera-di-salvezza\\\/\",\"name\":\"Preghiera di salvezza - Joyce Meyer Ministries - Italiano\",\"isPartOf\":{\"@id\":\"https:\\\/\\\/tv.joycemeyer.org\\\/italiano\\\/#website\"},\"datePublished\":\"2017-11-09T18:55:02+00:00\",\"dateModified\":\"2017-11-22T18:03:52+00:00\",\"description\":\"Joyce Meyer Ministries - Italiano\",\"breadcrumb\":{\"@id\":\"https:\\\/\\\/tv.joycemeyer.org\\\/italiano\\\/preghiera-di-salvezza\\\/#breadcrumb\"},\"inLanguage\":\"it-IT\",\"potentialAction\":[{\"@type\":\"ReadAction\",\"target\":[\"https:\\\/\\\/tv.joycemeyer.org\\\/italiano\\\/preghiera-di-salvezza\\\/\"]}]},{\"@type\":\"BreadcrumbList\",\"@id\":\"https:\\\/\\\/tv.joycemeyer.org\\\/italiano\\\/preghiera-di-salvezza\\\/#breadcrumb\",\"itemListElement\":[{\"@type\":\"ListItem\",\"position\":1,\"name\":\"Home\",\"item\":\"https:\\\/\\\/tv.joycemeyer.org\\\/italiano\\\/\"},{\"@type\":\"ListItem\",\"position\":2,\"name\":\"Preghiera di salvezza\"}]},{\"@type\":\"WebSite\",\"@id\":\"https:\\\/\\\/tv.joycemeyer.org\\\/italiano\\\/#website\",\"url\":\"https:\\\/\\\/tv.joycemeyer.org\\\/italiano\\\/\",\"name\":\"Joyce Meyer Ministries - Italiano\",\"description\":\"Condividiamo Cristo - Amiamo le persone\",\"potentialAction\":[{\"@type\":\"SearchAction\",\"target\":{\"@type\":\"EntryPoint\",\"urlTemplate\":\"https:\\\/\\\/tv.joycemeyer.org\\\/italiano\\\/?s={search_term_string}\"},\"query-input\":{\"@type\":\"PropertyValueSpecification\",\"valueRequired\":true,\"valueName\":\"search_term_string\"}}],\"inLanguage\":\"it-IT\"}]}<\/script>\n<!-- \/ Yoast SEO plugin. -->","yoast_head_json":{"title":"Preghiera di salvezza - Joyce Meyer Ministries - Italiano","description":"Joyce Meyer Ministries - Italiano","robots":{"index":"index","follow":"follow","max-snippet":"max-snippet:-1","max-image-preview":"max-image-preview:large","max-video-preview":"max-video-preview:-1"},"canonical":"https:\/\/tv.joycemeyer.org\/italiano\/preghiera-di-salvezza\/","og_locale":"it_IT","og_type":"article","og_title":"Preghiera di salvezza - Joyce Meyer Ministries - Italiano","og_description":"Joyce Meyer Ministries - Italiano","og_url":"https:\/\/tv.joycemeyer.org\/italiano\/preghiera-di-salvezza\/","og_site_name":"Joyce Meyer Ministries - Italiano","article_publisher":"https:\/\/www.facebook.com\/joycemeyerministriesitaliano\/","article_modified_time":"2017-11-22T18:03:52+00:00","twitter_card":"summary_large_image","twitter_misc":{"Tempo di lettura stimato":"1 minuto"},"schema":{"@context":"https:\/\/schema.org","@graph":[{"@type":"WebPage","@id":"https:\/\/tv.joycemeyer.org\/italiano\/preghiera-di-salvezza\/","url":"https:\/\/tv.joycemeyer.org\/italiano\/preghiera-di-salvezza\/","name":"Preghiera di salvezza - Joyce Meyer Ministries - Italiano","isPartOf":{"@id":"https:\/\/tv.joycemeyer.org\/italiano\/#website"},"datePublished":"2017-11-09T18:55:02+00:00","dateModified":"2017-11-22T18:03:52+00:00","description":"Joyce Meyer Ministries - Italiano","breadcrumb":{"@id":"https:\/\/tv.joycemeyer.org\/italiano\/preghiera-di-salvezza\/#breadcrumb"},"inLanguage":"it-IT","potentialAction":[{"@type":"ReadAction","target":["https:\/\/tv.joycemeyer.org\/italiano\/preghiera-di-salvezza\/"]}]},{"@type":"BreadcrumbList","@id":"https:\/\/tv.joycemeyer.org\/italiano\/preghiera-di-salvezza\/#breadcrumb","itemListElement":[{"@type":"ListItem","position":1,"name":"Home","item":"https:\/\/tv.joycemeyer.org\/italiano\/"},{"@type":"ListItem","position":2,"name":"Preghiera di salvezza"}]},{"@type":"WebSite","@id":"https:\/\/tv.joycemeyer.org\/italiano\/#website","url":"https:\/\/tv.joycemeyer.org\/italiano\/","name":"Joyce Meyer Ministries - Italiano","description":"Condividiamo Cristo - Amiamo le persone","potentialAction":[{"@type":"SearchAction","target":{"@type":"EntryPoint","urlTemplate":"https:\/\/tv.joycemeyer.org\/italiano\/?s={search_term_string}"},"query-input":{"@type":"PropertyValueSpecification","valueRequired":true,"valueName":"search_term_string"}}],"inLanguage":"it-IT"}]}},"_links":{"self":[{"href":"https:\/\/tv.joycemeyer.org\/italiano\/wp-json\/wp\/v2\/pages\/349","targetHints":{"allow":["GET"]}}],"collection":[{"href":"https:\/\/tv.joycemeyer.org\/italiano\/wp-json\/wp\/v2\/pages"}],"about":[{"href":"https:\/\/tv.joycemeyer.org\/italiano\/wp-json\/wp\/v2\/types\/page"}],"author":[{"embeddable":true,"href":"https:\/\/tv.joycemeyer.org\/italiano\/wp-json\/wp\/v2\/users\/4"}],"replies":[{"embeddable":true,"href":"https:\/\/tv.joycemeyer.org\/italiano\/wp-json\/wp\/v2\/comments?post=349"}],"version-history":[{"count":0,"href":"https:\/\/tv.joycemeyer.org\/italiano\/wp-json\/wp\/v2\/pages\/349\/revisions"}],"wp:attachment":[{"href":"https:\/\/tv.joycemeyer.org\/italiano\/wp-json\/wp\/v2\/media?parent=349"}],"curies":[{"name":"wp","href":"https:\/\/api.w.org\/{rel}","templated":true}]}}