{"id":255,"date":"2018-04-20T17:32:11","date_gmt":"2018-04-20T17:32:11","guid":{"rendered":"https:\/\/tv.joycemeyer.org\/magyar\/?page_id=255"},"modified":"2022-03-17T12:59:02","modified_gmt":"2022-03-17T12:59:02","slug":"hogyan-ismerhetjuk-meg-jezust","status":"publish","type":"page","link":"https:\/\/tv.joycemeyer.org\/magyar\/hogyan-ismerhetjuk-meg-jezust\/","title":{"rendered":"Hogyan ismerhetj\u00fck meg J\u00e9zust?"},"content":{"rendered":"<p>Amikor megismered J\u00e9zust, akkor r\u00e1l\u00e9psz arra a fantasztikus \u00fatra, ami az Isten terve az \u00e9letedre. A R\u00f3ma 3:23 azt mondja: &#8220;mindenki v\u00e9tkezett, \u00e9s h\u00edj\u00e1val van az Isten dics\u0151s\u00e9g\u00e9nek.&#8221; Ismerni J\u00e9zust nem jelent m\u00e1st, mint elismerni, hogy sz\u00fcks\u00e9ged van r\u00e1, arra amit \u0150 tett \u00e9rted, \u00e9s elfogadni ezt a csod\u00e1latos aj\u00e1nd\u00e9kot.<\/p>\n<p>Felismerni, hogy nem tudod \u00e9lni az \u00e9letet a saj\u00e1t er\u0151db\u0151l, \u00e9s hogy b\u0171n\u00f6s vagy, \u00e9s sz\u00fcks\u00e9ged van egy megv\u00e1lt\u00f3ra. Az a j\u00f3 h\u00edr abban, hogy ismerheted J\u00e9zust, hogy \u0150 megv\u00e1ltott, hogy egy hatalmas v\u00e1ltoz\u00e1st \u00e9rzel, amikor ez megt\u00f6rt\u00e9nik. Neki adod a b\u0171n\u00f6s dolgaidat, \u00e9s cser\u00e9be \u0150 odaad mindent, amit neked sz\u00e1nt. Ak\u00e1r tudod, ak\u00e1r nem, de az \u0150 terve az \u00e9letedre az fantasztikus, \u00e9s ez az els\u0151 l\u00e9p\u00e9s a vele val\u00f3 k\u00f6z\u00f6s \u00e9letbe.<\/p>\n<blockquote><p>Mert \u00fagy szerette Isten a vil\u00e1got, hogy egysz\u00fcl\u00f6tt Fi\u00e1t adta, hogy aki hisz \u0151benne, el ne vesszen, hanem \u00f6r\u00f6k \u00e9lete legyen. \u2014J\u00c1NOS 3:16<\/p><\/blockquote>\n","protected":false},"excerpt":{"rendered":"<p>Amikor megismered J\u00e9zust, akkor r\u00e1l\u00e9psz arra a fantasztikus \u00fatra, ami az Isten terve az \u00e9letedre. A R\u00f3ma 3:23 azt mondja: &#8220;mindenki v\u00e9tkezett, \u00e9s h\u00edj\u00e1val van az Isten dics\u0151s\u00e9g\u00e9nek.&#8221; Ismerni J\u00e9zust nem jelent m\u00e1st, mint elismerni, hogy sz\u00fcks\u00e9ged van r\u00e1, arra amit \u0150 tett \u00e9rted, \u00e9s elfogadni ezt a csod\u00e1latos aj\u00e1nd\u00e9kot. Felismerni, hogy nem tudod \u00e9lni&#8230;<\/p>\n","protected":false},"author":4,"featured_media":0,"parent":0,"menu_order":0,"comment_status":"closed","ping_status":"closed","template":"page-templates\/page-campaign.php","meta":{"_acf_changed":false,"footnotes":""},"class_list":["post-255","page","type-page","status-publish","hentry"],"acf":[],"yoast_head":"<!-- This site is optimized with the Yoast SEO plugin v26.9 - https:\/\/yoast.com\/product\/yoast-seo-wordpress\/ -->\n<title>Hogyan ismerhetj\u00fck meg J\u00e9zust? - Joyce Meyer Ministries - Magyar<\/title>\n<meta name=\"robots\" content=\"index, follow, max-snippet:-1, max-image-preview:large, max-video-preview:-1\" \/>\n<link rel=\"canonical\" href=\"https:\/\/tv.joycemeyer.org\/magyar\/hogyan-ismerhetjuk-meg-jezust\/\" \/>\n<meta property=\"og:locale\" content=\"en_US\" \/>\n<meta property=\"og:type\" content=\"article\" \/>\n<meta property=\"og:title\" content=\"Hogyan ismerhetj\u00fck meg J\u00e9zust? - Joyce Meyer Ministries - Magyar\" \/>\n<meta property=\"og:description\" content=\"Amikor megismered J\u00e9zust, akkor r\u00e1l\u00e9psz arra a fantasztikus \u00fatra, ami az Isten terve az \u00e9letedre. A R\u00f3ma 3:23 azt mondja: &#8220;mindenki v\u00e9tkezett, \u00e9s h\u00edj\u00e1val van az Isten dics\u0151s\u00e9g\u00e9nek.&#8221; Ismerni J\u00e9zust nem jelent m\u00e1st, mint elismerni, hogy sz\u00fcks\u00e9ged van r\u00e1, arra amit \u0150 tett \u00e9rted, \u00e9s elfogadni ezt a csod\u00e1latos aj\u00e1nd\u00e9kot. Felismerni, hogy nem tudod \u00e9lni...\" \/>\n<meta property=\"og:url\" content=\"https:\/\/tv.joycemeyer.org\/magyar\/hogyan-ismerhetjuk-meg-jezust\/\" \/>\n<meta property=\"og:site_name\" content=\"Joyce Meyer Ministries - Magyar\" \/>\n<meta property=\"article:publisher\" content=\"https:\/\/www.facebook.com\/JoyceMeyerMinistriesHungarian\/\" \/>\n<meta property=\"article:modified_time\" content=\"2022-03-17T12:59:02+00:00\" \/>\n<meta name=\"twitter:card\" content=\"summary_large_image\" \/>\n<meta name=\"twitter:label1\" content=\"Est. reading time\" \/>\n\t<meta name=\"twitter:data1\" content=\"1 minute\" \/>\n<script type=\"application\/ld+json\" class=\"yoast-schema-graph\">{\"@context\":\"https:\/\/schema.org\",\"@graph\":[{\"@type\":\"WebPage\",\"@id\":\"https:\/\/tv.joycemeyer.org\/magyar\/hogyan-ismerhetjuk-meg-jezust\/\",\"url\":\"https:\/\/tv.joycemeyer.org\/magyar\/hogyan-ismerhetjuk-meg-jezust\/\",\"name\":\"Hogyan ismerhetj\u00fck meg J\u00e9zust? - Joyce Meyer Ministries - Magyar\",\"isPartOf\":{\"@id\":\"https:\/\/tv.joycemeyer.org\/magyar\/#website\"},\"datePublished\":\"2018-04-20T17:32:11+00:00\",\"dateModified\":\"2022-03-17T12:59:02+00:00\",\"breadcrumb\":{\"@id\":\"https:\/\/tv.joycemeyer.org\/magyar\/hogyan-ismerhetjuk-meg-jezust\/#breadcrumb\"},\"inLanguage\":\"en-US\",\"potentialAction\":[{\"@type\":\"ReadAction\",\"target\":[\"https:\/\/tv.joycemeyer.org\/magyar\/hogyan-ismerhetjuk-meg-jezust\/\"]}]},{\"@type\":\"BreadcrumbList\",\"@id\":\"https:\/\/tv.joycemeyer.org\/magyar\/hogyan-ismerhetjuk-meg-jezust\/#breadcrumb\",\"itemListElement\":[{\"@type\":\"ListItem\",\"position\":1,\"name\":\"Home\",\"item\":\"https:\/\/tv.joycemeyer.org\/magyar\/\"},{\"@type\":\"ListItem\",\"position\":2,\"name\":\"Hogyan ismerhetj\u00fck meg J\u00e9zust?\"}]},{\"@type\":\"WebSite\",\"@id\":\"https:\/\/tv.joycemeyer.org\/magyar\/#website\",\"url\":\"https:\/\/tv.joycemeyer.org\/magyar\/\",\"name\":\"Joyce Meyer Ministries - Magyar\",\"description\":\"Hirdetj\u00fck Krisztust - Szeretj\u00fck az embereket\",\"potentialAction\":[{\"@type\":\"SearchAction\",\"target\":{\"@type\":\"EntryPoint\",\"urlTemplate\":\"https:\/\/tv.joycemeyer.org\/magyar\/?s={search_term_string}\"},\"query-input\":{\"@type\":\"PropertyValueSpecification\",\"valueRequired\":true,\"valueName\":\"search_term_string\"}}],\"inLanguage\":\"en-US\"}]}<\/script>\n<!-- \/ Yoast SEO plugin. -->","yoast_head_json":{"title":"Hogyan ismerhetj\u00fck meg J\u00e9zust? - Joyce Meyer Ministries - Magyar","robots":{"index":"index","follow":"follow","max-snippet":"max-snippet:-1","max-image-preview":"max-image-preview:large","max-video-preview":"max-video-preview:-1"},"canonical":"https:\/\/tv.joycemeyer.org\/magyar\/hogyan-ismerhetjuk-meg-jezust\/","og_locale":"en_US","og_type":"article","og_title":"Hogyan ismerhetj\u00fck meg J\u00e9zust? - Joyce Meyer Ministries - Magyar","og_description":"Amikor megismered J\u00e9zust, akkor r\u00e1l\u00e9psz arra a fantasztikus \u00fatra, ami az Isten terve az \u00e9letedre. A R\u00f3ma 3:23 azt mondja: &#8220;mindenki v\u00e9tkezett, \u00e9s h\u00edj\u00e1val van az Isten dics\u0151s\u00e9g\u00e9nek.&#8221; Ismerni J\u00e9zust nem jelent m\u00e1st, mint elismerni, hogy sz\u00fcks\u00e9ged van r\u00e1, arra amit \u0150 tett \u00e9rted, \u00e9s elfogadni ezt a csod\u00e1latos aj\u00e1nd\u00e9kot. Felismerni, hogy nem tudod \u00e9lni...","og_url":"https:\/\/tv.joycemeyer.org\/magyar\/hogyan-ismerhetjuk-meg-jezust\/","og_site_name":"Joyce Meyer Ministries - Magyar","article_publisher":"https:\/\/www.facebook.com\/JoyceMeyerMinistriesHungarian\/","article_modified_time":"2022-03-17T12:59:02+00:00","twitter_card":"summary_large_image","twitter_misc":{"Est. reading time":"1 minute"},"schema":{"@context":"https:\/\/schema.org","@graph":[{"@type":"WebPage","@id":"https:\/\/tv.joycemeyer.org\/magyar\/hogyan-ismerhetjuk-meg-jezust\/","url":"https:\/\/tv.joycemeyer.org\/magyar\/hogyan-ismerhetjuk-meg-jezust\/","name":"Hogyan ismerhetj\u00fck meg J\u00e9zust? - Joyce Meyer Ministries - Magyar","isPartOf":{"@id":"https:\/\/tv.joycemeyer.org\/magyar\/#website"},"datePublished":"2018-04-20T17:32:11+00:00","dateModified":"2022-03-17T12:59:02+00:00","breadcrumb":{"@id":"https:\/\/tv.joycemeyer.org\/magyar\/hogyan-ismerhetjuk-meg-jezust\/#breadcrumb"},"inLanguage":"en-US","potentialAction":[{"@type":"ReadAction","target":["https:\/\/tv.joycemeyer.org\/magyar\/hogyan-ismerhetjuk-meg-jezust\/"]}]},{"@type":"BreadcrumbList","@id":"https:\/\/tv.joycemeyer.org\/magyar\/hogyan-ismerhetjuk-meg-jezust\/#breadcrumb","itemListElement":[{"@type":"ListItem","position":1,"name":"Home","item":"https:\/\/tv.joycemeyer.org\/magyar\/"},{"@type":"ListItem","position":2,"name":"Hogyan ismerhetj\u00fck meg J\u00e9zust?"}]},{"@type":"WebSite","@id":"https:\/\/tv.joycemeyer.org\/magyar\/#website","url":"https:\/\/tv.joycemeyer.org\/magyar\/","name":"Joyce Meyer Ministries - Magyar","description":"Hirdetj\u00fck Krisztust - Szeretj\u00fck az embereket","potentialAction":[{"@type":"SearchAction","target":{"@type":"EntryPoint","urlTemplate":"https:\/\/tv.joycemeyer.org\/magyar\/?s={search_term_string}"},"query-input":{"@type":"PropertyValueSpecification","valueRequired":true,"valueName":"search_term_string"}}],"inLanguage":"en-US"}]}},"_links":{"self":[{"href":"https:\/\/tv.joycemeyer.org\/magyar\/wp-json\/wp\/v2\/pages\/255","targetHints":{"allow":["GET"]}}],"collection":[{"href":"https:\/\/tv.joycemeyer.org\/magyar\/wp-json\/wp\/v2\/pages"}],"about":[{"href":"https:\/\/tv.joycemeyer.org\/magyar\/wp-json\/wp\/v2\/types\/page"}],"author":[{"embeddable":true,"href":"https:\/\/tv.joycemeyer.org\/magyar\/wp-json\/wp\/v2\/users\/4"}],"replies":[{"embeddable":true,"href":"https:\/\/tv.joycemeyer.org\/magyar\/wp-json\/wp\/v2\/comments?post=255"}],"version-history":[{"count":0,"href":"https:\/\/tv.joycemeyer.org\/magyar\/wp-json\/wp\/v2\/pages\/255\/revisions"}],"wp:attachment":[{"href":"https:\/\/tv.joycemeyer.org\/magyar\/wp-json\/wp\/v2\/media?parent=255"}],"curies":[{"name":"wp","href":"https:\/\/api.w.org\/{rel}","templated":true}]}}