{"id":159,"date":"2017-08-22T17:57:58","date_gmt":"2017-08-22T17:57:58","guid":{"rendered":"https:\/\/tv.joycemeyer.org\/portuguese\/?page_id=159"},"modified":"2017-08-22T18:11:40","modified_gmt":"2017-08-22T18:11:40","slug":"o-ministerio","status":"publish","type":"page","link":"https:\/\/tv.joycemeyer.org\/portuguese\/o-ministerio\/","title":{"rendered":"O Minist\u00e9rio"},"content":{"rendered":"<p><a href=\"https:\/\/tv.joycemeyer.org\/portuguese\/quem-somos\/\">Biografia de Joyce Meyer<\/a>\u00a0| <a href=\"https:\/\/tv.joycemeyer.org\/portuguese\/declaracao-de-fe\/\">Declara\u00e7\u00e3o de F\u00e9<\/a> | \u00a0<a href=\"https:\/\/tv.joycemeyer.org\/portuguese\/nossa-visao\/\">Nossa Vis\u00e3o<\/a><\/p>\n<p>De acordo com o chamado de Deus nas nossas vidas e pela Sua gra\u00e7a e miseric\u00f3rdia, nos esfor\u00e7amos em alcan\u00e7ar o mundo com as boas novas, que Jesus morreu por toda a humanidade, pagando a nossa d\u00edvida, nos absolvendo do pecado, e atrav\u00e9s da f\u00e9 Nele, nos trazendo para um relacionamento correto com Deus.<\/p>\n<p>Jesus disse, se permaneceres nas minhas palavras[firmar-se nos meus ensinamentos e viver de acordo com eles], verdadeiramente ser\u00e3o meus disc\u00edpulos. Conhecerer\u00e3o a verdade, e a verdade os libertar\u00e1. (Jo\u00e3o 8:31-32)<\/p>\n<p><strong>Alcance atrav\u00e9s da m\u00eddia<\/strong><\/p>\n<p>A nossa vis\u00e3o, que foi inspirada por Deus, \u00e9 alcan\u00e7ar o mundo com a verdade que \u00e9 encontrada apenas na Sua Palavra. Di\u00e1riamente, milh\u00f5es de pessoas recebem ensinamentos b\u00edblicos trasnformadores atrav\u00e9s do Minist\u00e9rio da Joyce Meyer, na televis\u00e3o e programas de r\u00e1dio, fitas de ensino, videos, livros, e confer\u00eancias. Atrav\u00e9s de nosso programa de televis\u00e3o, n\u00f3s temos uma audi\u00eancia potencial de 2.1 bilh\u00f5es de pessoas ao redor do mundo, alcan\u00e7ando aproximadamente dois ter\u00e7os do globo- e a nossa vis\u00e3o \u00e9 expandir nosso alcance na televis\u00e3o ainda mais. Atrav\u00e9s de nossos programas internacionais de miss\u00f5es, somos capazes de penetrar em \u00e1reas remotas do globo n\u00e3o tocadas pelo Evangelho.<br \/>\nNosso alvo: Todas as na\u00e7\u00f5es, todas as cidades, todos os dias.<\/p>\n<p><strong>Ajudando as pessoas<\/strong><\/p>\n<p>Nossa paix\u00e3o \u00e9 a salva\u00e7\u00e3o de almas e de vermos pessoas batizadas no Esp\u00edrito Santo e caminhando em vit\u00f3ria. Queremos que as pessoas recebam cura em cada \u00e1rea de suas vidas- espiritual, mental, emocional, f\u00edsica, financeira, e social. Nosso objetivo \u00e9 ver as pessoas curtindo a PLENITUDE. O Esp\u00edrito Santo \u00e9 o Consolador, e \u00e9 Ele que nos concede o desejo de ajudar pessoas machucadas. N\u00f3s somos consumidos por este desejo e cont\u00ednuamente buscamos novas maneiras de ajudar mais pessoas. Temos uma ordem de Deus para alimentarmos os pobres, vestir os que est\u00e3o sem roupas, visitar os prisioneiros, ministrar aos mais velhos, e alcan\u00e7ar e treinar em santidade de vida aquelas crian\u00e7as e adolescentes que precisam de Jesus t\u00e3o desesperadamente. Nossa vis\u00e3o inclui a ajuda aos orf\u00e3os.Atualmente n\u00f3s financiamos plenamente e ajudamos v\u00e1rios orfanatos no mundo que fornecem comida e cobertores para crian\u00e7as carentes, enquanto \u00e9 tamb\u00e9m ministrado em suas necessidades espirituais. N\u00f3s temos uma compaix\u00e3o enorme pelos abusados e emocionalmente feridos e estamos envolvidos grandemente em prover instala\u00e7\u00f5es de amparo e materiais de ensino que n\u00f3s cremos que ir\u00e3o trazer \u00e0 eles cura emocional.<\/p>\n<p><strong>Excel\u00eancia<\/strong><\/p>\n<p>Nossa vis\u00e3o no Minist\u00e9rio da Joyce Meyer \u00e9 atingir a excel\u00eancia no minist\u00e9rio. N\u00f3s servimos a um Deus excelente, e Ele merece ter pessoas excelentes cuidando de Seus minist\u00e9rios. Somos comprometidos com a integridade, honra, honestidade, e excel\u00eancia. Acima de tudo, n\u00f3s desejamos trilhar o caminho mais excelente- o amor .\u00a0Jesus disse: &#8220;Um novo mandamento lhes dou: Amem-se uns aos outros. Como eu os amei, voc\u00eas devem amar-se uns aos outros. Com isso todos saber\u00e3o que voc\u00eas s\u00e3o meus disc\u00edpulos, se voc\u00eas amarem uns aos outros.[ Se voc\u00eas permanecerem mostrando amor entre voc\u00eas ] (Jo\u00e3o 13:34. 35).<\/p>\n<p><a href=\"https:\/\/tv.joycemeyer.org\/portuguese\/quem-somos\/\">Biografia de Joyce Meyer<\/a>\u00a0| <a href=\"https:\/\/tv.joycemeyer.org\/portuguese\/declaracao-de-fe\/\">Declara\u00e7\u00e3o de F\u00e9<\/a> | \u00a0<a href=\"https:\/\/tv.joycemeyer.org\/portuguese\/nossa-visao\/\">Nossa Vis\u00e3o<\/a><\/p>\n","protected":false},"excerpt":{"rendered":"<p>Biografia de Joyce Meyer\u00a0| Declara\u00e7\u00e3o de F\u00e9 | \u00a0Nossa Vis\u00e3o De acordo com o chamado de Deus nas nossas vidas e pela Sua gra\u00e7a e miseric\u00f3rdia, nos esfor\u00e7amos em alcan\u00e7ar o mundo com as boas novas, que Jesus morreu por toda a humanidade, pagando a nossa d\u00edvida, nos absolvendo do pecado, e atrav\u00e9s da f\u00e9&#8230;<\/p>\n","protected":false},"author":4,"featured_media":0,"parent":0,"menu_order":0,"comment_status":"closed","ping_status":"closed","template":"","meta":{"_acf_changed":false,"footnotes":""},"class_list":["post-159","page","type-page","status-publish","hentry"],"acf":[],"yoast_head":"<!-- This site is optimized with the Yoast SEO plugin v26.9 - https:\/\/yoast.com\/product\/yoast-seo-wordpress\/ -->\n<title>O Minist\u00e9rio - Joyce Meyer Ministries - Portuguese<\/title>\n<meta name=\"description\" content=\"JOYCE MEYER DESFRUTANDO A VIDA DI\u00c1RIA\" \/>\n<meta name=\"robots\" content=\"index, follow, max-snippet:-1, max-image-preview:large, max-video-preview:-1\" \/>\n<link rel=\"canonical\" href=\"https:\/\/tv.joycemeyer.org\/portuguese\/o-ministerio\/\" \/>\n<meta property=\"og:locale\" content=\"pt_BR\" \/>\n<meta property=\"og:type\" content=\"article\" \/>\n<meta property=\"og:title\" content=\"O Minist\u00e9rio - Joyce Meyer Ministries - Portuguese\" \/>\n<meta property=\"og:description\" content=\"JOYCE MEYER DESFRUTANDO A VIDA DI\u00c1RIA\" \/>\n<meta property=\"og:url\" content=\"https:\/\/tv.joycemeyer.org\/portuguese\/o-ministerio\/\" \/>\n<meta property=\"og:site_name\" content=\"Joyce Meyer Ministries - Portuguese\" \/>\n<meta property=\"article:publisher\" content=\"https:\/\/www.facebook.com\/joycemeyerministriesportugues\" \/>\n<meta property=\"article:modified_time\" content=\"2017-08-22T18:11:40+00:00\" \/>\n<meta name=\"twitter:card\" content=\"summary_large_image\" \/>\n<meta name=\"twitter:label1\" content=\"Est. tempo de leitura\" \/>\n\t<meta name=\"twitter:data1\" content=\"3 minutos\" \/>\n<script type=\"application\/ld+json\" class=\"yoast-schema-graph\">{\"@context\":\"https:\/\/schema.org\",\"@graph\":[{\"@type\":\"WebPage\",\"@id\":\"https:\/\/tv.joycemeyer.org\/portuguese\/o-ministerio\/\",\"url\":\"https:\/\/tv.joycemeyer.org\/portuguese\/o-ministerio\/\",\"name\":\"O Minist\u00e9rio - Joyce Meyer Ministries - Portuguese\",\"isPartOf\":{\"@id\":\"https:\/\/tv.joycemeyer.org\/portuguese\/#website\"},\"datePublished\":\"2017-08-22T17:57:58+00:00\",\"dateModified\":\"2017-08-22T18:11:40+00:00\",\"description\":\"JOYCE MEYER DESFRUTANDO A VIDA DI\u00c1RIA\",\"breadcrumb\":{\"@id\":\"https:\/\/tv.joycemeyer.org\/portuguese\/o-ministerio\/#breadcrumb\"},\"inLanguage\":\"pt-BR\",\"potentialAction\":[{\"@type\":\"ReadAction\",\"target\":[\"https:\/\/tv.joycemeyer.org\/portuguese\/o-ministerio\/\"]}]},{\"@type\":\"BreadcrumbList\",\"@id\":\"https:\/\/tv.joycemeyer.org\/portuguese\/o-ministerio\/#breadcrumb\",\"itemListElement\":[{\"@type\":\"ListItem\",\"position\":1,\"name\":\"Home\",\"item\":\"https:\/\/tv.joycemeyer.org\/portuguese\/\"},{\"@type\":\"ListItem\",\"position\":2,\"name\":\"O Minist\u00e9rio\"}]},{\"@type\":\"WebSite\",\"@id\":\"https:\/\/tv.joycemeyer.org\/portuguese\/#website\",\"url\":\"https:\/\/tv.joycemeyer.org\/portuguese\/\",\"name\":\"Joyce Meyer Ministries - Portuguese\",\"description\":\"COMPARTILHANDO CRISTO - AMANDO PESSOAS\",\"potentialAction\":[{\"@type\":\"SearchAction\",\"target\":{\"@type\":\"EntryPoint\",\"urlTemplate\":\"https:\/\/tv.joycemeyer.org\/portuguese\/?s={search_term_string}\"},\"query-input\":{\"@type\":\"PropertyValueSpecification\",\"valueRequired\":true,\"valueName\":\"search_term_string\"}}],\"inLanguage\":\"pt-BR\"}]}<\/script>\n<!-- \/ Yoast SEO plugin. -->","yoast_head_json":{"title":"O Minist\u00e9rio - Joyce Meyer Ministries - Portuguese","description":"JOYCE MEYER DESFRUTANDO A VIDA DI\u00c1RIA","robots":{"index":"index","follow":"follow","max-snippet":"max-snippet:-1","max-image-preview":"max-image-preview:large","max-video-preview":"max-video-preview:-1"},"canonical":"https:\/\/tv.joycemeyer.org\/portuguese\/o-ministerio\/","og_locale":"pt_BR","og_type":"article","og_title":"O Minist\u00e9rio - Joyce Meyer Ministries - Portuguese","og_description":"JOYCE MEYER DESFRUTANDO A VIDA DI\u00c1RIA","og_url":"https:\/\/tv.joycemeyer.org\/portuguese\/o-ministerio\/","og_site_name":"Joyce Meyer Ministries - Portuguese","article_publisher":"https:\/\/www.facebook.com\/joycemeyerministriesportugues","article_modified_time":"2017-08-22T18:11:40+00:00","twitter_card":"summary_large_image","twitter_misc":{"Est. tempo de leitura":"3 minutos"},"schema":{"@context":"https:\/\/schema.org","@graph":[{"@type":"WebPage","@id":"https:\/\/tv.joycemeyer.org\/portuguese\/o-ministerio\/","url":"https:\/\/tv.joycemeyer.org\/portuguese\/o-ministerio\/","name":"O Minist\u00e9rio - Joyce Meyer Ministries - Portuguese","isPartOf":{"@id":"https:\/\/tv.joycemeyer.org\/portuguese\/#website"},"datePublished":"2017-08-22T17:57:58+00:00","dateModified":"2017-08-22T18:11:40+00:00","description":"JOYCE MEYER DESFRUTANDO A VIDA DI\u00c1RIA","breadcrumb":{"@id":"https:\/\/tv.joycemeyer.org\/portuguese\/o-ministerio\/#breadcrumb"},"inLanguage":"pt-BR","potentialAction":[{"@type":"ReadAction","target":["https:\/\/tv.joycemeyer.org\/portuguese\/o-ministerio\/"]}]},{"@type":"BreadcrumbList","@id":"https:\/\/tv.joycemeyer.org\/portuguese\/o-ministerio\/#breadcrumb","itemListElement":[{"@type":"ListItem","position":1,"name":"Home","item":"https:\/\/tv.joycemeyer.org\/portuguese\/"},{"@type":"ListItem","position":2,"name":"O Minist\u00e9rio"}]},{"@type":"WebSite","@id":"https:\/\/tv.joycemeyer.org\/portuguese\/#website","url":"https:\/\/tv.joycemeyer.org\/portuguese\/","name":"Joyce Meyer Ministries - Portuguese","description":"COMPARTILHANDO CRISTO - AMANDO PESSOAS","potentialAction":[{"@type":"SearchAction","target":{"@type":"EntryPoint","urlTemplate":"https:\/\/tv.joycemeyer.org\/portuguese\/?s={search_term_string}"},"query-input":{"@type":"PropertyValueSpecification","valueRequired":true,"valueName":"search_term_string"}}],"inLanguage":"pt-BR"}]}},"featured_image_urls":{},"appp_media":null,"_links":{"self":[{"href":"https:\/\/tv.joycemeyer.org\/portuguese\/wp-json\/wp\/v2\/pages\/159","targetHints":{"allow":["GET"]}}],"collection":[{"href":"https:\/\/tv.joycemeyer.org\/portuguese\/wp-json\/wp\/v2\/pages"}],"about":[{"href":"https:\/\/tv.joycemeyer.org\/portuguese\/wp-json\/wp\/v2\/types\/page"}],"author":[{"embeddable":true,"href":"https:\/\/tv.joycemeyer.org\/portuguese\/wp-json\/wp\/v2\/users\/4"}],"replies":[{"embeddable":true,"href":"https:\/\/tv.joycemeyer.org\/portuguese\/wp-json\/wp\/v2\/comments?post=159"}],"version-history":[{"count":0,"href":"https:\/\/tv.joycemeyer.org\/portuguese\/wp-json\/wp\/v2\/pages\/159\/revisions"}],"wp:attachment":[{"href":"https:\/\/tv.joycemeyer.org\/portuguese\/wp-json\/wp\/v2\/media?parent=159"}],"curies":[{"name":"wp","href":"https:\/\/api.w.org\/{rel}","templated":true}]}}