{"id":367,"date":"2017-11-21T19:06:00","date_gmt":"2017-11-21T19:06:00","guid":{"rendered":"https:\/\/tv.joycemeyer.org\/portuguese\/?page_id=367"},"modified":"2017-11-22T18:08:03","modified_gmt":"2017-11-22T18:08:03","slug":"oracao-de-salvacao","status":"publish","type":"page","link":"https:\/\/tv.joycemeyer.org\/portuguese\/oracao-de-salvacao\/","title":{"rendered":"Ora\u00e7\u00e3o de Salva\u00e7\u00e3o"},"content":{"rendered":"<p>Deus te ama e deseja ter um relacionamento pessoal com voc\u00ea. Se voc\u00ea ainda n\u00e3o aceitou Jesus Cristo como seu salvador, voc\u00ea pode fazer isso agora. Tudo que precisa fazer \u00e9 abrir seu cora\u00e7\u00e3o a ele e fazer essa ora\u00e7\u00e3o&#8230;<\/p>\n<p>\u201cPai, eu sei que tenho pecado contra ti. Por favor me perdoe. Me limpe. Eu prometo confiar em Jesus, seu Filho. Eu creio que Ele morreu por mim \u2013 que ele levou meus pecados sobre si quando morreu na cruz. Eu creio que ele ressuscitou dentre os mortos. Eu entrego minha vida a Jesus agora.<\/p>\n<p>Obrigada Pai pelo presente do seu perd\u00e3o e da vida eterna. Por favor me ajude a viver para ti. Em nome de Jeus, Am\u00e9m\u201d<\/p>\n<p>Ao fazer essa ora\u00e7\u00e3o do fundo do seu cora\u00e7\u00e3o, Deus o recebe, o limpa e o faz livre das amarras da morte espiritual. Dedique algum tempo para ler e estudar as escrituras abaixo e pe\u00e7a a Deus para falar contigo \u00e0 medida em que voc\u00ea caminha com Ele nesta jornada da sua nova vida.<\/p>\n<table>\n<tbody>\n<tr>\n<td>Jo\u00e3o 3:16<\/td>\n<td>1 Cor\u00edntios 15:3-4<\/td>\n<td>Ef\u00e9sios 1:4<\/td>\n<td>Ef\u00e9sios 2:8-9<\/td>\n<\/tr>\n<tr>\n<td>1 Jo\u00e3o 1:9<\/td>\n<td>1 Jo\u00e3o 4:14-15<\/td>\n<td>1 Jo\u00e3o 5:1<\/td>\n<td>1 Jo\u00e3o 5:12-13<\/td>\n<\/tr>\n<\/tbody>\n<\/table>\n<p>Ore e pe\u00e7a ao Senhor para te ajudar a encontrar uma igreja saud\u00e1vel e que se baseia no ensino da B\u00edblia para que voc\u00ea possa ser encorajado a crescer em seu relacionamento com Cristo. Deus estar\u00e1 sempre contigo. Ele ir\u00e1 te guiar a cada novo dia e te mostrar como viver a vida abundante que ele tem para voc\u00ea.<\/p>\n<p><a href=\"https:\/\/tv.joycemeyer.org\/portuguese\/2017\/11\/02\/e-tempo-de-fazer-um-novo-comeco\/\">\u00c9 Tempo de Fazer Um Novo Come\u00e7o!<\/a><\/p>\n<p>&nbsp;<\/p>\n<div class=\"essb_links essb_displayed_shortcode essb_share essb_template_metro-retina essb_1402671615 print-no\" id=\"essb_displayed_shortcode_1402671615\" data-essb-postid=\"367\" data-essb-position=\"shortcode\" data-essb-button-style=\"icon_hover\" data-essb-template=\"metro-retina\" data-essb-counter-pos=\"hidden\" data-essb-url=\"https:\/\/tv.joycemeyer.org\/portuguese\/wp-json\/wp\/v2\/pages\/367\" data-essb-fullurl=\"https:\/\/tv.joycemeyer.org\/portuguese\/wp-json\/wp\/v2\/pages\/367\" data-essb-instance=\"1402671615\"><ul class=\"essb_links_list essb_hide_name\"><li class=\"essb_item essb_link_facebook nolightbox essb_link_svg_icon\"> <a href=\"https:\/\/www.facebook.com\/sharer\/sharer.php?u=https%3A%2F%2Ftv.joycemeyer.org%2Fportuguese%2Fwp-json%2Fwp%2Fv2%2Fpages%2F367&amp;t=Ora%C3%A7%C3%A3o+de+Salva%C3%A7%C3%A3o\" title=\"Share on Facebook\" onclick=\"essb.window(&#39;https:\/\/www.facebook.com\/sharer\/sharer.php?u=https%3A%2F%2Ftv.joycemeyer.org%2Fportuguese%2Fwp-json%2Fwp%2Fv2%2Fpages%2F367&t=Ora%C3%A7%C3%A3o+de+Salva%C3%A7%C3%A3o&#39;,&#39;facebook&#39;,&#39;1402671615&#39;); return false;\" target=\"_blank\" rel=\"nofollow\" class=\"nolightbox essb-s-bg-facebook essb-s-bgh-facebook essb-s-c-light essb-s-hover-effect essb-s-bg-network essb-s-bgh-network\" ><span class=\"essb_icon essb_icon_facebook\"><svg class=\"essb-svg-icon essb-svg-icon-facebook\" aria-hidden=\"true\" role=\"img\" focusable=\"false\" xmlns=\"http:\/\/www.w3.org\/2000\/svg\" width=\"16\" height=\"16\" viewBox=\"0 0 16 16\"><path d=\"M16 8.049c0-4.446-3.582-8.05-8-8.05C3.58 0-.002 3.603-.002 8.05c0 4.017 2.926 7.347 6.75 7.951v-5.625h-2.03V8.05H6.75V6.275c0-2.017 1.195-3.131 3.022-3.131.876 0 1.791.157 1.791.157v1.98h-1.009c-.993 0-1.303.621-1.303 1.258v1.51h2.218l-.354 2.326H9.25V16c3.824-.604 6.75-3.934 6.75-7.951\"><\/path><\/svg><\/span><span class=\"essb_network_name\">Facebook<\/span><\/a><\/li><li class=\"essb_item essb_link_twitter nolightbox essb_link_twitter_x essb_link_svg_icon\"> <a href=\"https:\/\/x.com\/intent\/post?text=Ora\u00e7\u00e3o%20de%20Salva\u00e7\u00e3o&amp;amp;url=https%3A%2F%2Ftv.joycemeyer.org%2Fportuguese%2Fwp-json%2Fwp%2Fv2%2Fpages%2F367\" title=\"Share on Twitter\" onclick=\"essb.window(&#39;https:\/\/x.com\/intent\/post?text=Ora\u00e7\u00e3o%20de%20Salva\u00e7\u00e3o&amp;url=https%3A%2F%2Ftv.joycemeyer.org%2Fportuguese%2Fwp-json%2Fwp%2Fv2%2Fpages%2F367&#39;,&#39;twitter&#39;,&#39;1402671615&#39;); return false;\" target=\"_blank\" rel=\"nofollow\" class=\"nolightbox essb-s-bg-twitter essb-s-bgh-twitter essb-s-c-light essb-s-hover-effect essb-s-bg-network essb-s-bgh-network\" ><span class=\"essb_icon essb_icon_twitter_x\"><svg class=\"essb-svg-icon essb-svg-icon-twitter_x\" aria-hidden=\"true\" role=\"img\" focusable=\"false\" viewBox=\"0 0 24 24\"><path d=\"M18.244 2.25h3.308l-7.227 8.26 8.502 11.24H16.17l-5.214-6.817L4.99 21.75H1.68l7.73-8.835L1.254 2.25H8.08l4.713 6.231zm-1.161 17.52h1.833L7.084 4.126H5.117z\"><\/path><\/svg><\/span><span class=\"essb_network_name\">Twitter<\/span><\/a><\/li><\/ul><\/div>\n","protected":false},"excerpt":{"rendered":"<p>Deus te ama e deseja ter um relacionamento pessoal com voc\u00ea. Se voc\u00ea ainda n\u00e3o aceitou Jesus Cristo como seu salvador, voc\u00ea pode fazer isso agora. Tudo que precisa fazer \u00e9 abrir seu cora\u00e7\u00e3o a ele e fazer essa ora\u00e7\u00e3o&#8230; \u201cPai, eu sei que tenho pecado contra ti. Por favor me perdoe. Me limpe. Eu&#8230;<\/p>\n","protected":false},"author":4,"featured_media":0,"parent":0,"menu_order":0,"comment_status":"closed","ping_status":"closed","template":"","meta":{"_acf_changed":false,"footnotes":""},"class_list":["post-367","page","type-page","status-publish","hentry"],"acf":[],"yoast_head":"<!-- This site is optimized with the Yoast SEO plugin v26.9 - https:\/\/yoast.com\/product\/yoast-seo-wordpress\/ -->\n<title>Ora\u00e7\u00e3o de Salva\u00e7\u00e3o - Joyce Meyer Ministries - Portuguese<\/title>\n<meta name=\"description\" content=\"JOYCE MEYER DESFRUTANDO A VIDA DI\u00c1RIA\" \/>\n<meta name=\"robots\" content=\"index, follow, max-snippet:-1, max-image-preview:large, max-video-preview:-1\" \/>\n<link rel=\"canonical\" href=\"https:\/\/tv.joycemeyer.org\/portuguese\/oracao-de-salvacao\/\" \/>\n<meta property=\"og:locale\" content=\"pt_BR\" \/>\n<meta property=\"og:type\" content=\"article\" \/>\n<meta property=\"og:title\" content=\"Ora\u00e7\u00e3o de Salva\u00e7\u00e3o - Joyce Meyer Ministries - Portuguese\" \/>\n<meta property=\"og:description\" content=\"JOYCE MEYER DESFRUTANDO A VIDA DI\u00c1RIA\" \/>\n<meta property=\"og:url\" content=\"https:\/\/tv.joycemeyer.org\/portuguese\/oracao-de-salvacao\/\" \/>\n<meta property=\"og:site_name\" content=\"Joyce Meyer Ministries - Portuguese\" \/>\n<meta property=\"article:publisher\" content=\"https:\/\/www.facebook.com\/joycemeyerministriesportugues\" \/>\n<meta property=\"article:modified_time\" content=\"2017-11-22T18:08:03+00:00\" \/>\n<meta name=\"twitter:card\" content=\"summary_large_image\" \/>\n<meta name=\"twitter:label1\" content=\"Est. tempo de leitura\" \/>\n\t<meta name=\"twitter:data1\" content=\"1 minuto\" \/>\n<script type=\"application\/ld+json\" class=\"yoast-schema-graph\">{\"@context\":\"https:\/\/schema.org\",\"@graph\":[{\"@type\":\"WebPage\",\"@id\":\"https:\/\/tv.joycemeyer.org\/portuguese\/oracao-de-salvacao\/\",\"url\":\"https:\/\/tv.joycemeyer.org\/portuguese\/oracao-de-salvacao\/\",\"name\":\"Ora\u00e7\u00e3o de Salva\u00e7\u00e3o - Joyce Meyer Ministries - Portuguese\",\"isPartOf\":{\"@id\":\"https:\/\/tv.joycemeyer.org\/portuguese\/#website\"},\"datePublished\":\"2017-11-21T19:06:00+00:00\",\"dateModified\":\"2017-11-22T18:08:03+00:00\",\"description\":\"JOYCE MEYER DESFRUTANDO A VIDA DI\u00c1RIA\",\"breadcrumb\":{\"@id\":\"https:\/\/tv.joycemeyer.org\/portuguese\/oracao-de-salvacao\/#breadcrumb\"},\"inLanguage\":\"pt-BR\",\"potentialAction\":[{\"@type\":\"ReadAction\",\"target\":[\"https:\/\/tv.joycemeyer.org\/portuguese\/oracao-de-salvacao\/\"]}]},{\"@type\":\"BreadcrumbList\",\"@id\":\"https:\/\/tv.joycemeyer.org\/portuguese\/oracao-de-salvacao\/#breadcrumb\",\"itemListElement\":[{\"@type\":\"ListItem\",\"position\":1,\"name\":\"Home\",\"item\":\"https:\/\/tv.joycemeyer.org\/portuguese\/\"},{\"@type\":\"ListItem\",\"position\":2,\"name\":\"Ora\u00e7\u00e3o de Salva\u00e7\u00e3o\"}]},{\"@type\":\"WebSite\",\"@id\":\"https:\/\/tv.joycemeyer.org\/portuguese\/#website\",\"url\":\"https:\/\/tv.joycemeyer.org\/portuguese\/\",\"name\":\"Joyce Meyer Ministries - Portuguese\",\"description\":\"COMPARTILHANDO CRISTO - AMANDO PESSOAS\",\"potentialAction\":[{\"@type\":\"SearchAction\",\"target\":{\"@type\":\"EntryPoint\",\"urlTemplate\":\"https:\/\/tv.joycemeyer.org\/portuguese\/?s={search_term_string}\"},\"query-input\":{\"@type\":\"PropertyValueSpecification\",\"valueRequired\":true,\"valueName\":\"search_term_string\"}}],\"inLanguage\":\"pt-BR\"}]}<\/script>\n<!-- \/ Yoast SEO plugin. -->","yoast_head_json":{"title":"Ora\u00e7\u00e3o de Salva\u00e7\u00e3o - Joyce Meyer Ministries - Portuguese","description":"JOYCE MEYER DESFRUTANDO A VIDA DI\u00c1RIA","robots":{"index":"index","follow":"follow","max-snippet":"max-snippet:-1","max-image-preview":"max-image-preview:large","max-video-preview":"max-video-preview:-1"},"canonical":"https:\/\/tv.joycemeyer.org\/portuguese\/oracao-de-salvacao\/","og_locale":"pt_BR","og_type":"article","og_title":"Ora\u00e7\u00e3o de Salva\u00e7\u00e3o - Joyce Meyer Ministries - Portuguese","og_description":"JOYCE MEYER DESFRUTANDO A VIDA DI\u00c1RIA","og_url":"https:\/\/tv.joycemeyer.org\/portuguese\/oracao-de-salvacao\/","og_site_name":"Joyce Meyer Ministries - Portuguese","article_publisher":"https:\/\/www.facebook.com\/joycemeyerministriesportugues","article_modified_time":"2017-11-22T18:08:03+00:00","twitter_card":"summary_large_image","twitter_misc":{"Est. tempo de leitura":"1 minuto"},"schema":{"@context":"https:\/\/schema.org","@graph":[{"@type":"WebPage","@id":"https:\/\/tv.joycemeyer.org\/portuguese\/oracao-de-salvacao\/","url":"https:\/\/tv.joycemeyer.org\/portuguese\/oracao-de-salvacao\/","name":"Ora\u00e7\u00e3o de Salva\u00e7\u00e3o - Joyce Meyer Ministries - Portuguese","isPartOf":{"@id":"https:\/\/tv.joycemeyer.org\/portuguese\/#website"},"datePublished":"2017-11-21T19:06:00+00:00","dateModified":"2017-11-22T18:08:03+00:00","description":"JOYCE MEYER DESFRUTANDO A VIDA DI\u00c1RIA","breadcrumb":{"@id":"https:\/\/tv.joycemeyer.org\/portuguese\/oracao-de-salvacao\/#breadcrumb"},"inLanguage":"pt-BR","potentialAction":[{"@type":"ReadAction","target":["https:\/\/tv.joycemeyer.org\/portuguese\/oracao-de-salvacao\/"]}]},{"@type":"BreadcrumbList","@id":"https:\/\/tv.joycemeyer.org\/portuguese\/oracao-de-salvacao\/#breadcrumb","itemListElement":[{"@type":"ListItem","position":1,"name":"Home","item":"https:\/\/tv.joycemeyer.org\/portuguese\/"},{"@type":"ListItem","position":2,"name":"Ora\u00e7\u00e3o de Salva\u00e7\u00e3o"}]},{"@type":"WebSite","@id":"https:\/\/tv.joycemeyer.org\/portuguese\/#website","url":"https:\/\/tv.joycemeyer.org\/portuguese\/","name":"Joyce Meyer Ministries - Portuguese","description":"COMPARTILHANDO CRISTO - AMANDO PESSOAS","potentialAction":[{"@type":"SearchAction","target":{"@type":"EntryPoint","urlTemplate":"https:\/\/tv.joycemeyer.org\/portuguese\/?s={search_term_string}"},"query-input":{"@type":"PropertyValueSpecification","valueRequired":true,"valueName":"search_term_string"}}],"inLanguage":"pt-BR"}]}},"featured_image_urls":{},"appp_media":null,"_links":{"self":[{"href":"https:\/\/tv.joycemeyer.org\/portuguese\/wp-json\/wp\/v2\/pages\/367","targetHints":{"allow":["GET"]}}],"collection":[{"href":"https:\/\/tv.joycemeyer.org\/portuguese\/wp-json\/wp\/v2\/pages"}],"about":[{"href":"https:\/\/tv.joycemeyer.org\/portuguese\/wp-json\/wp\/v2\/types\/page"}],"author":[{"embeddable":true,"href":"https:\/\/tv.joycemeyer.org\/portuguese\/wp-json\/wp\/v2\/users\/4"}],"replies":[{"embeddable":true,"href":"https:\/\/tv.joycemeyer.org\/portuguese\/wp-json\/wp\/v2\/comments?post=367"}],"version-history":[{"count":0,"href":"https:\/\/tv.joycemeyer.org\/portuguese\/wp-json\/wp\/v2\/pages\/367\/revisions"}],"wp:attachment":[{"href":"https:\/\/tv.joycemeyer.org\/portuguese\/wp-json\/wp\/v2\/media?parent=367"}],"curies":[{"name":"wp","href":"https:\/\/api.w.org\/{rel}","templated":true}]}}