{"id":72,"date":"2017-07-26T17:51:36","date_gmt":"2017-07-26T17:51:36","guid":{"rendered":"https:\/\/tv.joycemeyer.org\/portuguese\/?page_id=72"},"modified":"2017-10-03T19:30:58","modified_gmt":"2017-10-03T19:30:58","slug":"quem-somos","status":"publish","type":"page","link":"https:\/\/tv.joycemeyer.org\/portuguese\/quem-somos\/","title":{"rendered":"Quem Somos"},"content":{"rendered":"<p><a href=\"https:\/\/tv.joycemeyer.org\/portuguese\/nossa-visao\/\">Nossa Vis\u00e3o<\/a> |\u00a0<a href=\"https:\/\/tv.joycemeyer.org\/portuguese\/declaracao-de-fe\/\">Declara\u00e7\u00e3o de F\u00e9<\/a> |\u00a0<a href=\"https:\/\/tv.joycemeyer.org\/portuguese\/o-ministerio\/\">O Minist\u00e9rio<\/a><br \/>\n<strong><br \/>\nBiografia de Joyce Meyer<\/strong><\/p>\n<p>Joyce Meyer \u00e9 um testemunho incr\u00edvel da obra salvadora e din\u00e2mica de Jesus Cristo. Autora reconhecida mundialmente. Seu ensino sobre a palavra de Deus de forma pr\u00e1tica tem alcan\u00e7ado milh\u00f5es de pessoas ao redor do mundo.<\/p>\n<p>Joyce acredita que seu chamado \u00e9 o de restabelecer os irm\u00e3os na f\u00e9 e diz: \u201cJesus morreu para libertar os cativos, e muitos crist\u00e3os t\u00eam pouca ou nenhuma vit\u00f3ria\u201d. Como j\u00e1 viveu essa mesma situa\u00e7\u00e3o anos atr\u00e1s e descobriu a necessidade de viver em vit\u00f3ria aplicando a Palavra de Deus, Joyce est\u00e1 capacitada a trabalhar para libertar os cativos e transformar cinzas em beleza. Ela fala abertamente como foi abusada enquando crian\u00e7a, do fracasso de seu primeiro casamento, de sua luta no decorrer dos anos e como descobriu liberdade para viver em vit\u00f3ria atrav\u00e9s da Palavra de Deus. Sua vida \u00e9 transparente e seus ensinos pr\u00e1ticos alcan\u00e7am milh\u00f5es de pessoas diariamente ao redor do mundo.<\/p>\n<p>Atrav\u00e9s de seu minist\u00e9rio, Joyce j\u00e1 escreveu mais de 100 livros e faz aproximadamente 12 confer\u00eancias por ano. Seu programa de televis\u00e3o Desfrutando a Vida Di\u00e1ria \u00e9 transmitido para uma audi\u00eancia potencial de mais de 2\/3 do globo terrestre, e seu programa de r\u00e1dio \u00e9 veiculado em centenas de esta\u00e7\u00f5es no mundo.<\/p>\n<p>Ela tem o doutorado em divindade, feito na Universidade Oral Roberts em Tulsa, Oklahoma, e \u00e9 Phd em Teologia da Universidade da Vida Crist\u00e3 em Tampa, Fl\u00f3rida. Em fevereiro de 2005 foi honrada sendo inclu\u00edda pela Revista Time entre os 25 l\u00edderes evang\u00e9licos mais influentes nos EUA.<\/p>\n<p><a href=\"https:\/\/tv.joycemeyer.org\/portuguese\/nossa-visao\/\">Nossa Vis\u00e3o<\/a> | <a href=\"https:\/\/tv.joycemeyer.org\/portuguese\/declaracao-de-fe\/\">Declara\u00e7\u00e3o de F\u00e9<\/a>\u00a0|\u00a0<a href=\"https:\/\/tv.joycemeyer.org\/portuguese\/o-ministerio\/\">O Minist\u00e9rio<\/a> |<\/p>\n","protected":false},"excerpt":{"rendered":"<p>Nossa Vis\u00e3o |\u00a0Declara\u00e7\u00e3o de F\u00e9 |\u00a0O Minist\u00e9rio Biografia de Joyce Meyer Joyce Meyer \u00e9 um testemunho incr\u00edvel da obra salvadora e din\u00e2mica de Jesus Cristo. Autora reconhecida mundialmente. Seu ensino sobre a palavra de Deus de forma pr\u00e1tica tem alcan\u00e7ado milh\u00f5es de pessoas ao redor do mundo. Joyce acredita que seu chamado \u00e9 o de&#8230;<\/p>\n","protected":false},"author":4,"featured_media":0,"parent":0,"menu_order":0,"comment_status":"closed","ping_status":"closed","template":"","meta":{"_acf_changed":false,"footnotes":""},"class_list":["post-72","page","type-page","status-publish","hentry"],"acf":[],"yoast_head":"<!-- This site is optimized with the Yoast SEO plugin v27.4 - https:\/\/yoast.com\/product\/yoast-seo-wordpress\/ -->\n<title>Quem Somos - Joyce Meyer Ministries - Portuguese<\/title>\n<meta name=\"description\" content=\"JOYCE MEYER DESFRUTANDO A VIDA DI\u00c1RIA\" \/>\n<meta name=\"robots\" content=\"index, follow, max-snippet:-1, max-image-preview:large, max-video-preview:-1\" \/>\n<link rel=\"canonical\" href=\"https:\/\/tv.joycemeyer.org\/portuguese\/quem-somos\/\" \/>\n<meta property=\"og:locale\" content=\"pt_BR\" \/>\n<meta property=\"og:type\" content=\"article\" \/>\n<meta property=\"og:title\" content=\"Quem Somos - Joyce Meyer Ministries - Portuguese\" \/>\n<meta property=\"og:description\" content=\"JOYCE MEYER DESFRUTANDO A VIDA DI\u00c1RIA\" \/>\n<meta property=\"og:url\" content=\"https:\/\/tv.joycemeyer.org\/portuguese\/quem-somos\/\" \/>\n<meta property=\"og:site_name\" content=\"Joyce Meyer Ministries - Portuguese\" \/>\n<meta property=\"article:publisher\" content=\"https:\/\/www.facebook.com\/joycemeyerministriesportugues\" \/>\n<meta property=\"article:modified_time\" content=\"2017-10-03T19:30:58+00:00\" \/>\n<meta name=\"twitter:card\" content=\"summary_large_image\" \/>\n<meta name=\"twitter:label1\" content=\"Est. tempo de leitura\" \/>\n\t<meta name=\"twitter:data1\" content=\"1 minuto\" \/>\n<script type=\"application\/ld+json\" class=\"yoast-schema-graph\">{\"@context\":\"https:\\\/\\\/schema.org\",\"@graph\":[{\"@type\":\"WebPage\",\"@id\":\"https:\\\/\\\/tv.joycemeyer.org\\\/portuguese\\\/quem-somos\\\/\",\"url\":\"https:\\\/\\\/tv.joycemeyer.org\\\/portuguese\\\/quem-somos\\\/\",\"name\":\"Quem Somos - Joyce Meyer Ministries - Portuguese\",\"isPartOf\":{\"@id\":\"https:\\\/\\\/tv.joycemeyer.org\\\/portuguese\\\/#website\"},\"datePublished\":\"2017-07-26T17:51:36+00:00\",\"dateModified\":\"2017-10-03T19:30:58+00:00\",\"description\":\"JOYCE MEYER DESFRUTANDO A VIDA DI\u00c1RIA\",\"breadcrumb\":{\"@id\":\"https:\\\/\\\/tv.joycemeyer.org\\\/portuguese\\\/quem-somos\\\/#breadcrumb\"},\"inLanguage\":\"pt-BR\",\"potentialAction\":[{\"@type\":\"ReadAction\",\"target\":[\"https:\\\/\\\/tv.joycemeyer.org\\\/portuguese\\\/quem-somos\\\/\"]}]},{\"@type\":\"BreadcrumbList\",\"@id\":\"https:\\\/\\\/tv.joycemeyer.org\\\/portuguese\\\/quem-somos\\\/#breadcrumb\",\"itemListElement\":[{\"@type\":\"ListItem\",\"position\":1,\"name\":\"Home\",\"item\":\"https:\\\/\\\/tv.joycemeyer.org\\\/portuguese\\\/\"},{\"@type\":\"ListItem\",\"position\":2,\"name\":\"Quem Somos\"}]},{\"@type\":\"WebSite\",\"@id\":\"https:\\\/\\\/tv.joycemeyer.org\\\/portuguese\\\/#website\",\"url\":\"https:\\\/\\\/tv.joycemeyer.org\\\/portuguese\\\/\",\"name\":\"Joyce Meyer Ministries - Portuguese\",\"description\":\"COMPARTILHANDO CRISTO - AMANDO PESSOAS\",\"potentialAction\":[{\"@type\":\"SearchAction\",\"target\":{\"@type\":\"EntryPoint\",\"urlTemplate\":\"https:\\\/\\\/tv.joycemeyer.org\\\/portuguese\\\/?s={search_term_string}\"},\"query-input\":{\"@type\":\"PropertyValueSpecification\",\"valueRequired\":true,\"valueName\":\"search_term_string\"}}],\"inLanguage\":\"pt-BR\"}]}<\/script>\n<!-- \/ Yoast SEO plugin. -->","yoast_head_json":{"title":"Quem Somos - Joyce Meyer Ministries - Portuguese","description":"JOYCE MEYER DESFRUTANDO A VIDA DI\u00c1RIA","robots":{"index":"index","follow":"follow","max-snippet":"max-snippet:-1","max-image-preview":"max-image-preview:large","max-video-preview":"max-video-preview:-1"},"canonical":"https:\/\/tv.joycemeyer.org\/portuguese\/quem-somos\/","og_locale":"pt_BR","og_type":"article","og_title":"Quem Somos - Joyce Meyer Ministries - Portuguese","og_description":"JOYCE MEYER DESFRUTANDO A VIDA DI\u00c1RIA","og_url":"https:\/\/tv.joycemeyer.org\/portuguese\/quem-somos\/","og_site_name":"Joyce Meyer Ministries - Portuguese","article_publisher":"https:\/\/www.facebook.com\/joycemeyerministriesportugues","article_modified_time":"2017-10-03T19:30:58+00:00","twitter_card":"summary_large_image","twitter_misc":{"Est. tempo de leitura":"1 minuto"},"schema":{"@context":"https:\/\/schema.org","@graph":[{"@type":"WebPage","@id":"https:\/\/tv.joycemeyer.org\/portuguese\/quem-somos\/","url":"https:\/\/tv.joycemeyer.org\/portuguese\/quem-somos\/","name":"Quem Somos - Joyce Meyer Ministries - Portuguese","isPartOf":{"@id":"https:\/\/tv.joycemeyer.org\/portuguese\/#website"},"datePublished":"2017-07-26T17:51:36+00:00","dateModified":"2017-10-03T19:30:58+00:00","description":"JOYCE MEYER DESFRUTANDO A VIDA DI\u00c1RIA","breadcrumb":{"@id":"https:\/\/tv.joycemeyer.org\/portuguese\/quem-somos\/#breadcrumb"},"inLanguage":"pt-BR","potentialAction":[{"@type":"ReadAction","target":["https:\/\/tv.joycemeyer.org\/portuguese\/quem-somos\/"]}]},{"@type":"BreadcrumbList","@id":"https:\/\/tv.joycemeyer.org\/portuguese\/quem-somos\/#breadcrumb","itemListElement":[{"@type":"ListItem","position":1,"name":"Home","item":"https:\/\/tv.joycemeyer.org\/portuguese\/"},{"@type":"ListItem","position":2,"name":"Quem Somos"}]},{"@type":"WebSite","@id":"https:\/\/tv.joycemeyer.org\/portuguese\/#website","url":"https:\/\/tv.joycemeyer.org\/portuguese\/","name":"Joyce Meyer Ministries - Portuguese","description":"COMPARTILHANDO CRISTO - AMANDO PESSOAS","potentialAction":[{"@type":"SearchAction","target":{"@type":"EntryPoint","urlTemplate":"https:\/\/tv.joycemeyer.org\/portuguese\/?s={search_term_string}"},"query-input":{"@type":"PropertyValueSpecification","valueRequired":true,"valueName":"search_term_string"}}],"inLanguage":"pt-BR"}]}},"featured_image_urls":{},"appp_media":null,"_links":{"self":[{"href":"https:\/\/tv.joycemeyer.org\/portuguese\/wp-json\/wp\/v2\/pages\/72","targetHints":{"allow":["GET"]}}],"collection":[{"href":"https:\/\/tv.joycemeyer.org\/portuguese\/wp-json\/wp\/v2\/pages"}],"about":[{"href":"https:\/\/tv.joycemeyer.org\/portuguese\/wp-json\/wp\/v2\/types\/page"}],"author":[{"embeddable":true,"href":"https:\/\/tv.joycemeyer.org\/portuguese\/wp-json\/wp\/v2\/users\/4"}],"replies":[{"embeddable":true,"href":"https:\/\/tv.joycemeyer.org\/portuguese\/wp-json\/wp\/v2\/comments?post=72"}],"version-history":[{"count":0,"href":"https:\/\/tv.joycemeyer.org\/portuguese\/wp-json\/wp\/v2\/pages\/72\/revisions"}],"wp:attachment":[{"href":"https:\/\/tv.joycemeyer.org\/portuguese\/wp-json\/wp\/v2\/media?parent=72"}],"curies":[{"name":"wp","href":"https:\/\/api.w.org\/{rel}","templated":true}]}}