{"id":728,"date":"2018-04-09T14:15:12","date_gmt":"2018-04-09T14:15:12","guid":{"rendered":"https:\/\/tv.joycemeyer.org\/portuguese\/?page_id=728"},"modified":"2023-06-19T17:51:47","modified_gmt":"2023-06-19T17:51:47","slug":"como-conhecer-jesus","status":"publish","type":"page","link":"https:\/\/tv.joycemeyer.org\/portuguese\/como-conhecer-jesus\/","title":{"rendered":"Como Conhecer Jesus"},"content":{"rendered":"<p>Quando voc\u00ea aprende a conhecer Jesus, voc\u00ea inicia uma incr\u00edvel jornada no plano de Deus para sua vida. Romanos 3:23 diz assim: porque todos pecaram e carecem da gl\u00f3ria de Deus. Conhecer Jesus \u00e9 simplesmente reconhecer que voc\u00ea precisa dEle, acreditar no que Ele fez por voc\u00ea e aceitar Seu incr\u00edvel presente. Reconhece que voc\u00ea n\u00e3o pode viver esta vida sozinho, que voc\u00ea pecou e precisa de um Salvador.<\/p>\n<p>E a boa not\u00edcia sobre conhecer Jesus, sobre ser salvo, \u00e9 a bela troca que acontece naquele momento. Voc\u00ea d\u00e1 a Ele todas as coisas ruins e pecaminosas que fez e, em troca, Deus lhe d\u00e1 tudo o que Ele tem para voc\u00ea. Se voc\u00ea j\u00e1 conhece ou n\u00e3o, o plano Dele para a sua vida \u00e9 incr\u00edvel, e este \u00e9 o primeiro passo nessa jornada.<\/p>\n<blockquote><p>&#8220;Porque Deus tanto amou o mundo que deu o seu Filho Unig\u00eanito, para que todo o que nele crer n\u00e3o pere\u00e7a, mas tenha a vida eterna.\u201d &#8211; Jo\u00e3o 3:16<\/p><\/blockquote>\n","protected":false},"excerpt":{"rendered":"<p>Quando voc\u00ea aprende a conhecer Jesus, voc\u00ea inicia uma incr\u00edvel jornada no plano de Deus para sua vida. Romanos 3:23 diz assim: porque todos pecaram e carecem da gl\u00f3ria de Deus. Conhecer Jesus \u00e9 simplesmente reconhecer que voc\u00ea precisa dEle, acreditar no que Ele fez por voc\u00ea e aceitar Seu incr\u00edvel presente. Reconhece que voc\u00ea&#8230;<\/p>\n","protected":false},"author":4,"featured_media":0,"parent":0,"menu_order":0,"comment_status":"closed","ping_status":"closed","template":"page-templates\/page-campaign.php","meta":{"_acf_changed":false,"footnotes":""},"class_list":["post-728","page","type-page","status-publish","hentry"],"acf":[],"yoast_head":"<!-- This site is optimized with the Yoast SEO plugin v26.9 - https:\/\/yoast.com\/product\/yoast-seo-wordpress\/ -->\n<title>Como Conhecer Jesus - Joyce Meyer Ministries - Portuguese<\/title>\n<meta name=\"description\" content=\"JOYCE MEYER DESFRUTANDO A VIDA DI\u00c1RIA\" \/>\n<meta name=\"robots\" content=\"index, follow, max-snippet:-1, max-image-preview:large, max-video-preview:-1\" \/>\n<link rel=\"canonical\" href=\"https:\/\/tv.joycemeyer.org\/portuguese\/como-conhecer-jesus\/\" \/>\n<meta property=\"og:locale\" content=\"pt_BR\" \/>\n<meta property=\"og:type\" content=\"article\" \/>\n<meta property=\"og:title\" content=\"Como Conhecer Jesus - Joyce Meyer Ministries - Portuguese\" \/>\n<meta property=\"og:description\" content=\"JOYCE MEYER DESFRUTANDO A VIDA DI\u00c1RIA\" \/>\n<meta property=\"og:url\" content=\"https:\/\/tv.joycemeyer.org\/portuguese\/como-conhecer-jesus\/\" \/>\n<meta property=\"og:site_name\" content=\"Joyce Meyer Ministries - Portuguese\" \/>\n<meta property=\"article:publisher\" content=\"https:\/\/www.facebook.com\/joycemeyerministriesportugues\" \/>\n<meta property=\"article:modified_time\" content=\"2023-06-19T17:51:47+00:00\" \/>\n<meta name=\"twitter:card\" content=\"summary_large_image\" \/>\n<meta name=\"twitter:label1\" content=\"Est. tempo de leitura\" \/>\n\t<meta name=\"twitter:data1\" content=\"1 minuto\" \/>\n<script type=\"application\/ld+json\" class=\"yoast-schema-graph\">{\"@context\":\"https:\/\/schema.org\",\"@graph\":[{\"@type\":\"WebPage\",\"@id\":\"https:\/\/tv.joycemeyer.org\/portuguese\/como-conhecer-jesus\/\",\"url\":\"https:\/\/tv.joycemeyer.org\/portuguese\/como-conhecer-jesus\/\",\"name\":\"Como Conhecer Jesus - Joyce Meyer Ministries - Portuguese\",\"isPartOf\":{\"@id\":\"https:\/\/tv.joycemeyer.org\/portuguese\/#website\"},\"datePublished\":\"2018-04-09T14:15:12+00:00\",\"dateModified\":\"2023-06-19T17:51:47+00:00\",\"description\":\"JOYCE MEYER DESFRUTANDO A VIDA DI\u00c1RIA\",\"breadcrumb\":{\"@id\":\"https:\/\/tv.joycemeyer.org\/portuguese\/como-conhecer-jesus\/#breadcrumb\"},\"inLanguage\":\"pt-BR\",\"potentialAction\":[{\"@type\":\"ReadAction\",\"target\":[\"https:\/\/tv.joycemeyer.org\/portuguese\/como-conhecer-jesus\/\"]}]},{\"@type\":\"BreadcrumbList\",\"@id\":\"https:\/\/tv.joycemeyer.org\/portuguese\/como-conhecer-jesus\/#breadcrumb\",\"itemListElement\":[{\"@type\":\"ListItem\",\"position\":1,\"name\":\"Home\",\"item\":\"https:\/\/tv.joycemeyer.org\/portuguese\/\"},{\"@type\":\"ListItem\",\"position\":2,\"name\":\"Como Conhecer Jesus\"}]},{\"@type\":\"WebSite\",\"@id\":\"https:\/\/tv.joycemeyer.org\/portuguese\/#website\",\"url\":\"https:\/\/tv.joycemeyer.org\/portuguese\/\",\"name\":\"Joyce Meyer Ministries - Portuguese\",\"description\":\"COMPARTILHANDO CRISTO - AMANDO PESSOAS\",\"potentialAction\":[{\"@type\":\"SearchAction\",\"target\":{\"@type\":\"EntryPoint\",\"urlTemplate\":\"https:\/\/tv.joycemeyer.org\/portuguese\/?s={search_term_string}\"},\"query-input\":{\"@type\":\"PropertyValueSpecification\",\"valueRequired\":true,\"valueName\":\"search_term_string\"}}],\"inLanguage\":\"pt-BR\"}]}<\/script>\n<!-- \/ Yoast SEO plugin. -->","yoast_head_json":{"title":"Como Conhecer Jesus - Joyce Meyer Ministries - Portuguese","description":"JOYCE MEYER DESFRUTANDO A VIDA DI\u00c1RIA","robots":{"index":"index","follow":"follow","max-snippet":"max-snippet:-1","max-image-preview":"max-image-preview:large","max-video-preview":"max-video-preview:-1"},"canonical":"https:\/\/tv.joycemeyer.org\/portuguese\/como-conhecer-jesus\/","og_locale":"pt_BR","og_type":"article","og_title":"Como Conhecer Jesus - Joyce Meyer Ministries - Portuguese","og_description":"JOYCE MEYER DESFRUTANDO A VIDA DI\u00c1RIA","og_url":"https:\/\/tv.joycemeyer.org\/portuguese\/como-conhecer-jesus\/","og_site_name":"Joyce Meyer Ministries - Portuguese","article_publisher":"https:\/\/www.facebook.com\/joycemeyerministriesportugues","article_modified_time":"2023-06-19T17:51:47+00:00","twitter_card":"summary_large_image","twitter_misc":{"Est. tempo de leitura":"1 minuto"},"schema":{"@context":"https:\/\/schema.org","@graph":[{"@type":"WebPage","@id":"https:\/\/tv.joycemeyer.org\/portuguese\/como-conhecer-jesus\/","url":"https:\/\/tv.joycemeyer.org\/portuguese\/como-conhecer-jesus\/","name":"Como Conhecer Jesus - Joyce Meyer Ministries - Portuguese","isPartOf":{"@id":"https:\/\/tv.joycemeyer.org\/portuguese\/#website"},"datePublished":"2018-04-09T14:15:12+00:00","dateModified":"2023-06-19T17:51:47+00:00","description":"JOYCE MEYER DESFRUTANDO A VIDA DI\u00c1RIA","breadcrumb":{"@id":"https:\/\/tv.joycemeyer.org\/portuguese\/como-conhecer-jesus\/#breadcrumb"},"inLanguage":"pt-BR","potentialAction":[{"@type":"ReadAction","target":["https:\/\/tv.joycemeyer.org\/portuguese\/como-conhecer-jesus\/"]}]},{"@type":"BreadcrumbList","@id":"https:\/\/tv.joycemeyer.org\/portuguese\/como-conhecer-jesus\/#breadcrumb","itemListElement":[{"@type":"ListItem","position":1,"name":"Home","item":"https:\/\/tv.joycemeyer.org\/portuguese\/"},{"@type":"ListItem","position":2,"name":"Como Conhecer Jesus"}]},{"@type":"WebSite","@id":"https:\/\/tv.joycemeyer.org\/portuguese\/#website","url":"https:\/\/tv.joycemeyer.org\/portuguese\/","name":"Joyce Meyer Ministries - Portuguese","description":"COMPARTILHANDO CRISTO - AMANDO PESSOAS","potentialAction":[{"@type":"SearchAction","target":{"@type":"EntryPoint","urlTemplate":"https:\/\/tv.joycemeyer.org\/portuguese\/?s={search_term_string}"},"query-input":{"@type":"PropertyValueSpecification","valueRequired":true,"valueName":"search_term_string"}}],"inLanguage":"pt-BR"}]}},"featured_image_urls":{},"appp_media":null,"_links":{"self":[{"href":"https:\/\/tv.joycemeyer.org\/portuguese\/wp-json\/wp\/v2\/pages\/728","targetHints":{"allow":["GET"]}}],"collection":[{"href":"https:\/\/tv.joycemeyer.org\/portuguese\/wp-json\/wp\/v2\/pages"}],"about":[{"href":"https:\/\/tv.joycemeyer.org\/portuguese\/wp-json\/wp\/v2\/types\/page"}],"author":[{"embeddable":true,"href":"https:\/\/tv.joycemeyer.org\/portuguese\/wp-json\/wp\/v2\/users\/4"}],"replies":[{"embeddable":true,"href":"https:\/\/tv.joycemeyer.org\/portuguese\/wp-json\/wp\/v2\/comments?post=728"}],"version-history":[{"count":0,"href":"https:\/\/tv.joycemeyer.org\/portuguese\/wp-json\/wp\/v2\/pages\/728\/revisions"}],"wp:attachment":[{"href":"https:\/\/tv.joycemeyer.org\/portuguese\/wp-json\/wp\/v2\/media?parent=728"}],"curies":[{"name":"wp","href":"https:\/\/api.w.org\/{rel}","templated":true}]}}