{"id":208,"date":"2018-04-06T18:20:37","date_gmt":"2018-04-06T18:20:37","guid":{"rendered":"https:\/\/tv.joycemeyer.org\/shqip\/?page_id=208"},"modified":"2022-03-17T12:40:33","modified_gmt":"2022-03-17T12:40:33","slug":"si-te-njohim-jezusin","status":"publish","type":"page","link":"https:\/\/tv.joycemeyer.org\/shqip\/si-te-njohim-jezusin\/","title":{"rendered":"Si t\u00eb njohim Jezusin"},"content":{"rendered":"<p>Kur m\u00ebsoni se si ta njihni Jezusin, ju filloni nj\u00eb udh\u00ebtim t\u00eb mahnitsh\u00ebm n\u00eb planin e Per\u00ebndis\u00eb p\u00ebr jet\u00ebn tuaj. Tek Romak\u00ebve 3:23 thuhet se t\u00eb gjith\u00eb kan\u00eb m\u00ebkatuar dhe jan\u00eb privuar nga lavdia e Per\u00ebndis\u00eb. T\u00eb njoh\u00ebsh Jezusin do t\u00eb thot\u00eb thjesht t\u00eb pranosh se ke nevoj\u00eb p\u00ebr T\u00eb, t\u00eb besosh at\u00eb q\u00eb Ai b\u00ebri p\u00ebr ty dhe t\u00eb pranosh dhurat\u00ebn e Tij mahnit\u00ebse. K\u00ebshtu, ti pranon se nuk mund ta jetosh k\u00ebt\u00eb jet\u00eb me forc\u00ebn t\u00ebnde, se ke m\u00ebkatuar dhe se ke nevoj\u00eb p\u00ebr nj\u00eb Shp\u00ebtimtar.<\/p>\n<p>Dhe lajmi i mir\u00eb n\u00eb lidhje me njohjen e Jezusit, n\u00eb lidhje me shp\u00ebtimin, \u00ebsht\u00eb shk\u00ebmbimi q\u00eb ndodh n\u00eb at\u00eb \u00e7ast. Ti i dor\u00ebzon Atij gjith\u00eb gj\u00ebrat e k\u00ebqija dhe m\u00ebkatet q\u00eb ke b\u00ebr\u00eb, dhe n\u00eb k\u00ebmbim, Per\u00ebndia t\u00eb jep gjith\u00e7ka q\u00eb ka p\u00ebr ty. Duhet t\u00eb dish se plani i Tij p\u00ebr jet\u00ebn t\u00ebnde \u00ebsht\u00eb madh\u00ebshtor dhe ky \u00ebsht\u00eb hapi i par\u00eb n\u00eb at\u00eb udh\u00ebtim.<\/p>\n<blockquote><p>\u201cSepse Per\u00ebndia e deshi aq bot\u00ebn, sa dha Birin e tij t\u00eb vet\u00ebmlindurin, q\u00eb, kushdo q\u00eb beson n\u00eb t\u00eb, t\u00eb mos humbas\u00eb, por t\u00eb ket\u00eb jet\u00ebn e p\u00ebrjetshme.\u201d \u2014 Gjoni 3:16<\/p><\/blockquote>\n","protected":false},"excerpt":{"rendered":"<p>Kur m\u00ebsoni se si ta njihni Jezusin, ju filloni nj\u00eb udh\u00ebtim t\u00eb mahnitsh\u00ebm n\u00eb planin e Per\u00ebndis\u00eb p\u00ebr jet\u00ebn tuaj. Tek Romak\u00ebve 3:23 thuhet se t\u00eb gjith\u00eb kan\u00eb m\u00ebkatuar dhe jan\u00eb privuar nga lavdia e Per\u00ebndis\u00eb. T\u00eb njoh\u00ebsh Jezusin do t\u00eb thot\u00eb thjesht t\u00eb pranosh se ke nevoj\u00eb p\u00ebr T\u00eb, t\u00eb besosh at\u00eb q\u00eb Ai&#8230;<\/p>\n","protected":false},"author":4,"featured_media":0,"parent":0,"menu_order":0,"comment_status":"closed","ping_status":"closed","template":"page-templates\/page-campaign.php","meta":{"_acf_changed":false,"footnotes":""},"class_list":["post-208","page","type-page","status-publish","hentry"],"acf":[],"yoast_head":"<!-- This site is optimized with the Yoast SEO plugin v27.4 - https:\/\/yoast.com\/product\/yoast-seo-wordpress\/ -->\n<title>Si t\u00eb njohim Jezusin - Joyce Meyer Ministries - Shqip<\/title>\n<meta name=\"robots\" content=\"index, follow, max-snippet:-1, max-image-preview:large, max-video-preview:-1\" \/>\n<link rel=\"canonical\" href=\"https:\/\/tv.joycemeyer.org\/shqip\/si-te-njohim-jezusin\/\" \/>\n<meta property=\"og:locale\" content=\"sq_AL\" \/>\n<meta property=\"og:type\" content=\"article\" \/>\n<meta property=\"og:title\" content=\"Si t\u00eb njohim Jezusin - Joyce Meyer Ministries - Shqip\" \/>\n<meta property=\"og:description\" content=\"Kur m\u00ebsoni se si ta njihni Jezusin, ju filloni nj\u00eb udh\u00ebtim t\u00eb mahnitsh\u00ebm n\u00eb planin e Per\u00ebndis\u00eb p\u00ebr jet\u00ebn tuaj. Tek Romak\u00ebve 3:23 thuhet se t\u00eb gjith\u00eb kan\u00eb m\u00ebkatuar dhe jan\u00eb privuar nga lavdia e Per\u00ebndis\u00eb. T\u00eb njoh\u00ebsh Jezusin do t\u00eb thot\u00eb thjesht t\u00eb pranosh se ke nevoj\u00eb p\u00ebr T\u00eb, t\u00eb besosh at\u00eb q\u00eb Ai...\" \/>\n<meta property=\"og:url\" content=\"https:\/\/tv.joycemeyer.org\/shqip\/si-te-njohim-jezusin\/\" \/>\n<meta property=\"og:site_name\" content=\"Joyce Meyer Ministries - Shqip\" \/>\n<meta property=\"article:publisher\" content=\"https:\/\/www.facebook.com\/JoyceMeyerMinistriesAlbanian\/\" \/>\n<meta property=\"article:modified_time\" content=\"2022-03-17T12:40:33+00:00\" \/>\n<meta name=\"twitter:card\" content=\"summary_large_image\" \/>\n<meta name=\"twitter:label1\" content=\"Est. reading time\" \/>\n\t<meta name=\"twitter:data1\" content=\"1 minut\u00eb\" \/>\n<script type=\"application\/ld+json\" class=\"yoast-schema-graph\">{\"@context\":\"https:\\\/\\\/schema.org\",\"@graph\":[{\"@type\":\"WebPage\",\"@id\":\"https:\\\/\\\/tv.joycemeyer.org\\\/shqip\\\/si-te-njohim-jezusin\\\/\",\"url\":\"https:\\\/\\\/tv.joycemeyer.org\\\/shqip\\\/si-te-njohim-jezusin\\\/\",\"name\":\"Si t\u00eb njohim Jezusin - Joyce Meyer Ministries - Shqip\",\"isPartOf\":{\"@id\":\"https:\\\/\\\/tv.joycemeyer.org\\\/shqip\\\/#website\"},\"datePublished\":\"2018-04-06T18:20:37+00:00\",\"dateModified\":\"2022-03-17T12:40:33+00:00\",\"breadcrumb\":{\"@id\":\"https:\\\/\\\/tv.joycemeyer.org\\\/shqip\\\/si-te-njohim-jezusin\\\/#breadcrumb\"},\"inLanguage\":\"sq\",\"potentialAction\":[{\"@type\":\"ReadAction\",\"target\":[\"https:\\\/\\\/tv.joycemeyer.org\\\/shqip\\\/si-te-njohim-jezusin\\\/\"]}]},{\"@type\":\"BreadcrumbList\",\"@id\":\"https:\\\/\\\/tv.joycemeyer.org\\\/shqip\\\/si-te-njohim-jezusin\\\/#breadcrumb\",\"itemListElement\":[{\"@type\":\"ListItem\",\"position\":1,\"name\":\"Home\",\"item\":\"https:\\\/\\\/tv.joycemeyer.org\\\/shqip\\\/\"},{\"@type\":\"ListItem\",\"position\":2,\"name\":\"Si t\u00eb njohim Jezusin\"}]},{\"@type\":\"WebSite\",\"@id\":\"https:\\\/\\\/tv.joycemeyer.org\\\/shqip\\\/#website\",\"url\":\"https:\\\/\\\/tv.joycemeyer.org\\\/shqip\\\/\",\"name\":\"Joyce Meyer Ministries - Shqip\",\"description\":\"Shijoje jet\u00ebn \u00e7do dit\u00eb\",\"potentialAction\":[{\"@type\":\"SearchAction\",\"target\":{\"@type\":\"EntryPoint\",\"urlTemplate\":\"https:\\\/\\\/tv.joycemeyer.org\\\/shqip\\\/?s={search_term_string}\"},\"query-input\":{\"@type\":\"PropertyValueSpecification\",\"valueRequired\":true,\"valueName\":\"search_term_string\"}}],\"inLanguage\":\"sq\"}]}<\/script>\n<!-- \/ Yoast SEO plugin. -->","yoast_head_json":{"title":"Si t\u00eb njohim Jezusin - Joyce Meyer Ministries - Shqip","robots":{"index":"index","follow":"follow","max-snippet":"max-snippet:-1","max-image-preview":"max-image-preview:large","max-video-preview":"max-video-preview:-1"},"canonical":"https:\/\/tv.joycemeyer.org\/shqip\/si-te-njohim-jezusin\/","og_locale":"sq_AL","og_type":"article","og_title":"Si t\u00eb njohim Jezusin - Joyce Meyer Ministries - Shqip","og_description":"Kur m\u00ebsoni se si ta njihni Jezusin, ju filloni nj\u00eb udh\u00ebtim t\u00eb mahnitsh\u00ebm n\u00eb planin e Per\u00ebndis\u00eb p\u00ebr jet\u00ebn tuaj. Tek Romak\u00ebve 3:23 thuhet se t\u00eb gjith\u00eb kan\u00eb m\u00ebkatuar dhe jan\u00eb privuar nga lavdia e Per\u00ebndis\u00eb. T\u00eb njoh\u00ebsh Jezusin do t\u00eb thot\u00eb thjesht t\u00eb pranosh se ke nevoj\u00eb p\u00ebr T\u00eb, t\u00eb besosh at\u00eb q\u00eb Ai...","og_url":"https:\/\/tv.joycemeyer.org\/shqip\/si-te-njohim-jezusin\/","og_site_name":"Joyce Meyer Ministries - Shqip","article_publisher":"https:\/\/www.facebook.com\/JoyceMeyerMinistriesAlbanian\/","article_modified_time":"2022-03-17T12:40:33+00:00","twitter_card":"summary_large_image","twitter_misc":{"Est. reading time":"1 minut\u00eb"},"schema":{"@context":"https:\/\/schema.org","@graph":[{"@type":"WebPage","@id":"https:\/\/tv.joycemeyer.org\/shqip\/si-te-njohim-jezusin\/","url":"https:\/\/tv.joycemeyer.org\/shqip\/si-te-njohim-jezusin\/","name":"Si t\u00eb njohim Jezusin - Joyce Meyer Ministries - Shqip","isPartOf":{"@id":"https:\/\/tv.joycemeyer.org\/shqip\/#website"},"datePublished":"2018-04-06T18:20:37+00:00","dateModified":"2022-03-17T12:40:33+00:00","breadcrumb":{"@id":"https:\/\/tv.joycemeyer.org\/shqip\/si-te-njohim-jezusin\/#breadcrumb"},"inLanguage":"sq","potentialAction":[{"@type":"ReadAction","target":["https:\/\/tv.joycemeyer.org\/shqip\/si-te-njohim-jezusin\/"]}]},{"@type":"BreadcrumbList","@id":"https:\/\/tv.joycemeyer.org\/shqip\/si-te-njohim-jezusin\/#breadcrumb","itemListElement":[{"@type":"ListItem","position":1,"name":"Home","item":"https:\/\/tv.joycemeyer.org\/shqip\/"},{"@type":"ListItem","position":2,"name":"Si t\u00eb njohim Jezusin"}]},{"@type":"WebSite","@id":"https:\/\/tv.joycemeyer.org\/shqip\/#website","url":"https:\/\/tv.joycemeyer.org\/shqip\/","name":"Joyce Meyer Ministries - Shqip","description":"Shijoje jet\u00ebn \u00e7do dit\u00eb","potentialAction":[{"@type":"SearchAction","target":{"@type":"EntryPoint","urlTemplate":"https:\/\/tv.joycemeyer.org\/shqip\/?s={search_term_string}"},"query-input":{"@type":"PropertyValueSpecification","valueRequired":true,"valueName":"search_term_string"}}],"inLanguage":"sq"}]}},"_links":{"self":[{"href":"https:\/\/tv.joycemeyer.org\/shqip\/wp-json\/wp\/v2\/pages\/208","targetHints":{"allow":["GET"]}}],"collection":[{"href":"https:\/\/tv.joycemeyer.org\/shqip\/wp-json\/wp\/v2\/pages"}],"about":[{"href":"https:\/\/tv.joycemeyer.org\/shqip\/wp-json\/wp\/v2\/types\/page"}],"author":[{"embeddable":true,"href":"https:\/\/tv.joycemeyer.org\/shqip\/wp-json\/wp\/v2\/users\/4"}],"replies":[{"embeddable":true,"href":"https:\/\/tv.joycemeyer.org\/shqip\/wp-json\/wp\/v2\/comments?post=208"}],"version-history":[{"count":0,"href":"https:\/\/tv.joycemeyer.org\/shqip\/wp-json\/wp\/v2\/pages\/208\/revisions"}],"wp:attachment":[{"href":"https:\/\/tv.joycemeyer.org\/shqip\/wp-json\/wp\/v2\/media?parent=208"}],"curies":[{"name":"wp","href":"https:\/\/api.w.org\/{rel}","templated":true}]}}